{"id":1391,"date":"2018-07-12T21:12:09","date_gmt":"2018-07-12T19:12:09","guid":{"rendered":"http:\/\/zsps.krakow.pl\/?page_id=1391"},"modified":"2021-03-08T10:11:42","modified_gmt":"2021-03-08T09:11:42","slug":"klasy-patronackie","status":"publish","type":"page","link":"https:\/\/zsps.krakow.pl\/index.php\/klasy-patronackie\/","title":{"rendered":"<font color=#000000><b>Klasy patronackie<\/b><\/font>"},"content":{"rendered":"<p>Zesp\u00f3\u0142 Szk\u00f3\u0142 Przemys\u0142u Spo\u017cywczego w Krakowie jest szko\u0142\u0105 przeniesion\u0105 z pl. Jana Matejki w Krakowie do nowej siedziby \u2013 wyremontowanego i nowocze\u015bnie wyposa\u017conego budynku przy ul. Macieja Miechowity 6. W sk\u0142ad ZSPS wchodz\u0105 nast\u0119puj\u0105ce szko\u0142y: Technikum Przemys\u0142u Spo\u017cywczego nr 22 im. Maksymiliana Marii Kolbe, Szko\u0142a Bran\u017cowa I stopnia nr 23 im. Maksymiliana Marii Kolbe r\u00f3wnie\u017c z klasami integracyjnymi, a tak\u017ce VIII Liceum Og\u00f3lnokszta\u0142c\u0105ce dla doros\u0142ych im. Maksymiliana Marii Kolbe.<\/p>\n<p>Zesp\u00f3\u0142 Szk\u00f3\u0142 Przemys\u0142u Spo\u017cywczego w Krakowie oferuje tak\u017ce mo\u017cliwo\u015b\u0107 bezp\u0142atnego kszta\u0142cenia doros\u0142ych w ramach Kwalifikacyjnych Kurs\u00f3w Zawodowych.<\/p>\n<p>Zesp\u00f3\u0142 Szk\u00f3\u0142 Przemys\u0142u Spo\u017cywczego w Krakowie wsp\u00f3\u0142pracuje z renomowanymi cukierniami, piekarniami, restauracjami oraz zak\u0142adami przetw\u00f3rstwa mi\u0119sa na terenie Krakowa i okolic. Od 2017 roku partnerstwo nad jako\u015bci\u0105 kszta\u0142cenia praktycznego nawi\u0105za\u0142a z nami Piekarnia-Cukiernia \u201eBuczek\u201d, a tak\u017ce sie\u0107 hoteli Vienna House w Krakowie, tj. Vienna House Andel`s Cracow i Vienna House Easy Cracow. Od 2018 roku w Zesp\u00f3\u0142 Szk\u00f3\u0142 Przemys\u0142u Spo\u017cywczego w Krakowie funkcjonuj\u0105 piekarskie oraz cukiernicze klasy patronackie prowadzone przez sie\u0107 handlowo-produkcyjn\u0105 Auchan Real Polska. W 2019 roku, wraz z rozpocz\u0119ciem kszta\u0142cenia m\u0142odzie\u017cy w zakresie szkolnictwa bran\u017cowego w zawodzie kelnera, Zesp\u00f3\u0142 Szk\u00f3\u0142 Przemys\u0142u Spo\u017cywczego w Krakowie poszerzy\u0142 swoj\u0105 wsp\u00f3\u0142prac\u0119 z sieci\u0105 hoteli Vienna House w Krakowie. Z kolei rok 2020 zaowocowa\u0142 nawi\u0105zaniem partnerstwa nad jako\u015bci\u0105 kszta\u0142cenia praktycznego w zawodzie przetw\u00f3rcy mi\u0119sa z Zak\u0142adem Przetw\u00f3rstwa Mi\u0119snego &#8222;P\u0142atek&#8221;, a tak\u017ce zak\u0142adem \u201eWyrobu W\u0119dlin Lisieckich Barbara Czekaj\u201d z Nowej Wsi Szlacheckiej. Wsp\u00f3\u0142praca ta opiera si\u0119 na obop\u00f3lnym dbaniu o wysoki poziom kszta\u0142cenia zawodowego, kt\u00f3ry to z kolei przek\u0142ada si\u0119 na liczne sukcesy naszych uczni\u00f3w w og\u00f3lnopolskich turniejach na najlepszego ucznia w zawodzie kucharz, piekarz i cukiernik, a tak\u017ce w lokalnych konkursach gastronomicznych. Pracodawcy Ci przyk\u0142adaj\u0105 du\u017c\u0105 uwag\u0119 do rzetelnej realizacji szkolnych program\u00f3w nauczania\/ wymaganej prawem podstawy programowej dla danego zawodu. Swoj\u0105 wiedz\u0105 i umiej\u0119tno\u015bciami dziel\u0105 si\u0119 z m\u0142odocianymi nie tylko w swoich zak\u0142adach pracy, ale tak\u017ce w czasie organizowanych w szkole warsztat\u00f3w i pokaz\u00f3w. Swoje umiej\u0119tno\u015bci praktyczne, pod okiem instruktor\u00f3w praktycznej nauki zawodu naszych partner\u00f3w, pobiera tak\u017ce m\u0142odzie\u017c drugich i trzecich klas technikum w czasie realizacji miesi\u0119cznych praktyk zawodowych. Pracodawcy Ci s\u0105 tak\u017ce naszymi partnerami w podejmowanych dzia\u0142aniach promocyjnych oraz w czasie organizacji szkolnych konkurs\u00f3w zawodowych. S\u0105 sponsorami nagr\u00f3d, a tak\u017ce podmiotem przyjmuj\u0105cym naszych uczni\u00f3w na sta\u017ce wakacyjne w ramach Centrum Kszta\u0142cenia Zawodowego. Wielu naszych absolwent\u00f3w, zar\u00f3wno szko\u0142y bran\u017cowej I stopnia jak i technikum, jest pracownikami niniejszych zak\u0142ad\u00f3w pracy, co dodatkowo motywuje nasz\u0105 m\u0142odzie\u017c do sumiennej realizacji swojego przygotowania zawodowego.<\/p>\n<p>&nbsp;<\/p>\n<p><a href=\"https:\/\/zsps.krakow.pl\/wp-content\/uploads\/2018\/07\/piekarz-i-cukiernik.jpg\" rel=\"lightbox[1391]\"><img decoding=\"async\" loading=\"lazy\" class=\"aligncenter wp-image-1392 size-large\" src=\"https:\/\/zsps.krakow.pl\/wp-content\/uploads\/2018\/07\/piekarz-i-cukiernik-783x1041.jpg\" alt=\"\" width=\"640\" height=\"851\" srcset=\"https:\/\/zsps.krakow.pl\/wp-content\/uploads\/2018\/07\/piekarz-i-cukiernik-783x1041.jpg 783w, https:\/\/zsps.krakow.pl\/wp-content\/uploads\/2018\/07\/piekarz-i-cukiernik-226x300.jpg 226w, https:\/\/zsps.krakow.pl\/wp-content\/uploads\/2018\/07\/piekarz-i-cukiernik-768x1021.jpg 768w, https:\/\/zsps.krakow.pl\/wp-content\/uploads\/2018\/07\/piekarz-i-cukiernik.jpg 1240w\" sizes=\"(max-width: 640px) 100vw, 640px\" \/><\/a><\/p>\n<p><a href=\"https:\/\/zsps.krakow.pl\/wp-content\/uploads\/2018\/07\/piekarz-cukiernik.jpg\" rel=\"lightbox[1391]\"><img decoding=\"async\" loading=\"lazy\" class=\"aligncenter wp-image-1393 size-large\" src=\"https:\/\/zsps.krakow.pl\/wp-content\/uploads\/2018\/07\/piekarz-cukiernik-1041x740.jpg\" alt=\"\" width=\"640\" height=\"455\" srcset=\"https:\/\/zsps.krakow.pl\/wp-content\/uploads\/2018\/07\/piekarz-cukiernik-1041x740.jpg 1041w, https:\/\/zsps.krakow.pl\/wp-content\/uploads\/2018\/07\/piekarz-cukiernik-300x213.jpg 300w, https:\/\/zsps.krakow.pl\/wp-content\/uploads\/2018\/07\/piekarz-cukiernik-768x546.jpg 768w, https:\/\/zsps.krakow.pl\/wp-content\/uploads\/2018\/07\/piekarz-cukiernik.jpg 1761w\" sizes=\"(max-width: 640px) 100vw, 640px\" \/><\/a><\/p>\n","protected":false},"excerpt":{"rendered":"<p>Zesp\u00f3\u0142 Szk\u00f3\u0142 Przemys\u0142u Spo\u017cywczego w Krakowie jest szko\u0142\u0105 przeniesion\u0105 z pl. Jana Matejki w Krakowie do nowej siedziby \u2013 wyremontowanego i nowocze\u015bnie wyposa\u017conego budynku przy ul. Macieja Miechowity 6. W sk\u0142ad ZSPS wchodz\u0105 nast\u0119puj\u0105ce szko\u0142y: Technikum Przemys\u0142u Spo\u017cywczego nr 22 im. Maksymiliana Marii Kolbe, Szko\u0142a Bran\u017cowa I stopnia nr 23 im. Maksymiliana Marii Kolbe r\u00f3wnie\u017c&hellip;<\/p>\n","protected":false},"author":2,"featured_media":0,"parent":0,"menu_order":0,"comment_status":"closed","ping_status":"closed","template":"","meta":{"footnotes":"","two_page_speed":[]},"jetpack_shortlink":"https:\/\/wp.me\/P9B38h-mr","_links":{"self":[{"href":"https:\/\/zsps.krakow.pl\/index.php\/wp-json\/wp\/v2\/pages\/1391"}],"collection":[{"href":"https:\/\/zsps.krakow.pl\/index.php\/wp-json\/wp\/v2\/pages"}],"about":[{"href":"https:\/\/zsps.krakow.pl\/index.php\/wp-json\/wp\/v2\/types\/page"}],"author":[{"embeddable":true,"href":"https:\/\/zsps.krakow.pl\/index.php\/wp-json\/wp\/v2\/users\/2"}],"replies":[{"embeddable":true,"href":"https:\/\/zsps.krakow.pl\/index.php\/wp-json\/wp\/v2\/comments?post=1391"}],"version-history":[{"count":4,"href":"https:\/\/zsps.krakow.pl\/index.php\/wp-json\/wp\/v2\/pages\/1391\/revisions"}],"predecessor-version":[{"id":2685,"href":"https:\/\/zsps.krakow.pl\/index.php\/wp-json\/wp\/v2\/pages\/1391\/revisions\/2685"}],"wp:attachment":[{"href":"https:\/\/zsps.krakow.pl\/index.php\/wp-json\/wp\/v2\/media?parent=1391"}],"curies":[{"name":"wp","href":"https:\/\/api.w.org\/{rel}","templated":true}]}}