{"id":1456,"date":"2018-09-28T09:29:56","date_gmt":"2018-09-28T07:29:56","guid":{"rendered":"http:\/\/zsps.krakow.pl\/?page_id=1456"},"modified":"2026-01-15T09:49:05","modified_gmt":"2026-01-15T08:49:05","slug":"matura-2025","status":"publish","type":"page","link":"https:\/\/zsps.krakow.pl\/index.php\/matura-2025\/","title":{"rendered":"Matura 2026"},"content":{"rendered":"<p><img decoding=\"async\" loading=\"lazy\" class=\"aligncenter wp-image-1457 size-medium\" src=\"https:\/\/zsps.krakow.pl\/wp-content\/uploads\/2018\/09\/graduation-309661_1280-300x156.png\" alt=\"\" width=\"300\" height=\"156\" srcset=\"https:\/\/zsps.krakow.pl\/wp-content\/uploads\/2018\/09\/graduation-309661_1280-300x156.png 300w, https:\/\/zsps.krakow.pl\/wp-content\/uploads\/2018\/09\/graduation-309661_1280-768x398.png 768w, https:\/\/zsps.krakow.pl\/wp-content\/uploads\/2018\/09\/graduation-309661_1280-1041x540.png 1041w, https:\/\/zsps.krakow.pl\/wp-content\/uploads\/2018\/09\/graduation-309661_1280.png 1280w\" sizes=\"(max-width: 300px) 100vw, 300px\" \/><\/p>\n<h1 style=\"text-align: center;\">Matura 2026 (Formu\u0142a 2023)<\/h1>\n<h4 style=\"text-align: center;\"><a href=\"https:\/\/zsps.krakow.pl\/wp-content\/uploads\/2025\/09\/terminy-egzaminow-2026.pdf\" target=\"_blank\" rel=\"noopener\">Terminy egzamin\u00f3w 2026<\/a><\/h4>\n<h4 style=\"text-align: center;\"><a href=\"https:\/\/zsps.krakow.pl\/wp-content\/uploads\/2026\/01\/terminy-dla-uczniow-klas-maturalnych-w-roku-szkolnym-2025-2026.pdf\" target=\"_blank\" rel=\"noopener\">Terminy dla uczni\u00f3w klas maturalnych w roku szkolnym 2025\/2026<\/a><\/h4>\n<h4 style=\"text-align: center;\"><a href=\"https:\/\/zsps.krakow.pl\/wp-content\/uploads\/2026\/01\/terminy-dla-absolwentow-ktorzy-w-roku-szkolnym-2025-2026-przystapia-do-matury.pdf\" target=\"_blank\" rel=\"noopener\">Terminy dla absolwent\u00f3w, kt\u00f3rzy zamierzaj\u0105 w roku szkolnym 2025\/2026 przyst\u0105pi\u0107 do egzaminu maturalnego<\/a><\/h4>\n<h4 style=\"text-align: center;\"><a href=\"https:\/\/zsps.krakow.pl\/wp-content\/uploads\/2025\/09\/informacja-o-sposobie-organizacji-i-przeprowadzania-egzaminu-maturalnego-obowiazujaca-w-roku-szkolnym-2025-2026.pdf\" target=\"_blank\" rel=\"noopener\">Informacja o sposobie organizacji i przeprowadzania egzaminu maturalnego obowi\u0105zuj\u0105ca w roku szkolnym 2025\/2026<\/a><\/h4>\n<h4 style=\"text-align: center;\"><a href=\"https:\/\/zsps.krakow.pl\/wp-content\/uploads\/2025\/09\/komunikat-o-dostosowaniach-w-roku-szkolnym-2025-2026.pdf\" target=\"_blank\" rel=\"noopener\">Komunikat o dostosowaniach w roku szkolnym 2025\/2026<\/a><\/h4>\n<h4 style=\"text-align: center;\"><a href=\"https:\/\/zsps.krakow.pl\/wp-content\/uploads\/2025\/09\/komunikat-o-przyborach-2026.pdf\" target=\"_blank\" rel=\"noopener\">Komunikat o przyborach<\/a><\/h4>\n<h4 style=\"text-align: center;\"><a href=\"https:\/\/www.oke.krakow.pl\/inf\/article.php?story=20260101224355463\" target=\"_blank\" rel=\"noopener\">Informacja o op\u0142acie za egzamin maturalny dla absolwent\u00f3w<\/a><\/h4>\n<h4 class=\"uk-h1\" style=\"text-align: center;\"><a href=\"https:\/\/zsps.krakow.pl\/wp-content\/uploads\/2025\/09\/deklaracja-przystapienia-do-egzaminu-maturalnego-w-2026.pdf\" target=\"_blank\" rel=\"noopener\">Deklaracje maturalne &#8211; matura 2026<\/a><\/h4>\n<h4 style=\"text-align: center;\"><\/h4>\n","protected":false},"excerpt":{"rendered":"<p>Matura 2026 (Formu\u0142a 2023) Terminy egzamin\u00f3w 2026 Terminy dla uczni\u00f3w klas maturalnych w roku szkolnym 2025\/2026 Terminy dla absolwent\u00f3w, kt\u00f3rzy zamierzaj\u0105 w roku szkolnym 2025\/2026 przyst\u0105pi\u0107 do egzaminu maturalnego Informacja o sposobie organizacji i przeprowadzania egzaminu maturalnego obowi\u0105zuj\u0105ca w roku szkolnym 2025\/2026 Komunikat o dostosowaniach w roku szkolnym 2025\/2026 Komunikat o przyborach Informacja o op\u0142acie&hellip;<\/p>\n","protected":false},"author":2,"featured_media":0,"parent":0,"menu_order":0,"comment_status":"closed","ping_status":"closed","template":"","meta":{"footnotes":"","two_page_speed":[]},"jetpack_shortlink":"https:\/\/wp.me\/P9B38h-nu","_links":{"self":[{"href":"https:\/\/zsps.krakow.pl\/index.php\/wp-json\/wp\/v2\/pages\/1456"}],"collection":[{"href":"https:\/\/zsps.krakow.pl\/index.php\/wp-json\/wp\/v2\/pages"}],"about":[{"href":"https:\/\/zsps.krakow.pl\/index.php\/wp-json\/wp\/v2\/types\/page"}],"author":[{"embeddable":true,"href":"https:\/\/zsps.krakow.pl\/index.php\/wp-json\/wp\/v2\/users\/2"}],"replies":[{"embeddable":true,"href":"https:\/\/zsps.krakow.pl\/index.php\/wp-json\/wp\/v2\/comments?post=1456"}],"version-history":[{"count":34,"href":"https:\/\/zsps.krakow.pl\/index.php\/wp-json\/wp\/v2\/pages\/1456\/revisions"}],"predecessor-version":[{"id":6046,"href":"https:\/\/zsps.krakow.pl\/index.php\/wp-json\/wp\/v2\/pages\/1456\/revisions\/6046"}],"wp:attachment":[{"href":"https:\/\/zsps.krakow.pl\/index.php\/wp-json\/wp\/v2\/media?parent=1456"}],"curies":[{"name":"wp","href":"https:\/\/api.w.org\/{rel}","templated":true}]}}