{"id":16,"date":"2017-06-14T12:07:36","date_gmt":"2017-06-14T10:07:36","guid":{"rendered":"http:\/\/test.zsps.krakow.pl\/?page_id=16"},"modified":"2025-02-03T08:50:43","modified_gmt":"2025-02-03T07:50:43","slug":"dokumenty","status":"publish","type":"page","link":"https:\/\/zsps.krakow.pl\/index.php\/dokumenty\/","title":{"rendered":"Dokumenty"},"content":{"rendered":"<p><strong><span style=\"color: #0000ff;\"><em><img decoding=\"async\" loading=\"lazy\" class=\"size-medium wp-image-1462 alignright\" src=\"https:\/\/zsps.krakow.pl\/wp-content\/uploads\/2018\/09\/office-2761159_1280-300x200.png\" alt=\"\" width=\"300\" height=\"200\" srcset=\"https:\/\/zsps.krakow.pl\/wp-content\/uploads\/2018\/09\/office-2761159_1280-300x200.png 300w, https:\/\/zsps.krakow.pl\/wp-content\/uploads\/2018\/09\/office-2761159_1280-768x512.png 768w, https:\/\/zsps.krakow.pl\/wp-content\/uploads\/2018\/09\/office-2761159_1280-1041x694.png 1041w, https:\/\/zsps.krakow.pl\/wp-content\/uploads\/2018\/09\/office-2761159_1280.png 1280w\" sizes=\"(max-width: 300px) 100vw, 300px\" \/><\/em><\/span><\/strong><\/p>\n<p><strong><span style=\"color: #0000ff;\"><em>\u201eW wychowaniu chodzi w\u0142a\u015bnie o to, a\u017ceby cz\u0142owiek stawa\u0142 si\u0119 coraz bardziej cz\u0142owiekiem (\u2026),\u00a0<\/em><\/span><\/strong><\/p>\n<p><strong><span style=\"color: #0000ff;\"><em>a\u017ceby r\u00f3wnie\u017c umia\u0142 bardziej by\u0107 nie tylko z drugim, ale i dla drugich.\u201d<\/em>\u00a0\u00a0\u00a0\u00a0\u00a0\u00a0\u00a0\u00a0\u00a0\u00a0\u00a0 JAN PAWE\u0141 II<\/span><\/strong><\/p>\n<h2><\/h2>\n<h2><\/h2>\n<h2><\/h2>\n<h2><\/h2>\n<h2><\/h2>\n<h2><\/h2>\n<h2><\/h2>\n<h2 style=\"text-align: left;\"><\/h2>\n<h2 style=\"text-align: left;\"><a href=\"https:\/\/zsps.krakow.pl\/wp-content\/uploads\/2024\/12\/jednolity-statut-ZSPS-19.12.2024.pdf\">1. STATUT ZESPO\u0141U SZK\u00d3\u0141 PRZEMYS\u0141U SPO\u017bYWCZEGO W KRAKOWIE<\/a><\/h2>\n<h2 style=\"text-align: left;\"><a href=\"https:\/\/zsps.krakow.pl\/wp-content\/uploads\/2022\/06\/Program-wychowawczo-profilaktyczny.pdf\">2. PROGRAM WYCHOWAWCZO &#8211; PROFILAKTYCZNY<\/a><\/h2>\n<h2 style=\"text-align: left;\"><a href=\"https:\/\/zsps.krakow.pl\/wp-content\/uploads\/2024\/11\/Standardy-Ochrony-Maloletnich-2024.pdf\">3. STANDARDY OCHRONY MA\u0141OLETNICH<\/a><\/h2>\n<h2><a href=\"https:\/\/zsps.krakow.pl\/wp-content\/uploads\/2025\/02\/ZARZADZENIE_NR_2411_2024.pdf\">4. ZARZ\u0104DZENIE NR 2411\/2024 PREZYDENTA MIASTA KRAKOWA Z DNIA 12 wrze\u015bnia 2024 r. w sprawie wprowadzenia Polityki przeciwdzia\u0142ania mobbingowi i dyskryminacji w jednostkach organizacyjnych Gminy Miejskiej Krak\u00f3w<\/a><\/h2>\n","protected":false},"excerpt":{"rendered":"<p>\u201eW wychowaniu chodzi w\u0142a\u015bnie o to, a\u017ceby cz\u0142owiek stawa\u0142 si\u0119 coraz bardziej cz\u0142owiekiem (\u2026),\u00a0 a\u017ceby r\u00f3wnie\u017c umia\u0142 bardziej by\u0107 nie tylko z drugim, ale i dla drugich.\u201d\u00a0\u00a0\u00a0\u00a0\u00a0\u00a0\u00a0\u00a0\u00a0\u00a0\u00a0 JAN PAWE\u0141 II 1. STATUT ZESPO\u0141U SZK\u00d3\u0141 PRZEMYS\u0141U SPO\u017bYWCZEGO W KRAKOWIE 2. PROGRAM WYCHOWAWCZO &#8211; PROFILAKTYCZNY 3. STANDARDY OCHRONY MA\u0141OLETNICH 4. ZARZ\u0104DZENIE NR 2411\/2024 PREZYDENTA MIASTA KRAKOWA Z&hellip;<\/p>\n","protected":false},"author":2,"featured_media":0,"parent":0,"menu_order":0,"comment_status":"closed","ping_status":"closed","template":"","meta":{"footnotes":"","two_page_speed":[]},"jetpack_shortlink":"https:\/\/wp.me\/P9B38h-g","_links":{"self":[{"href":"https:\/\/zsps.krakow.pl\/index.php\/wp-json\/wp\/v2\/pages\/16"}],"collection":[{"href":"https:\/\/zsps.krakow.pl\/index.php\/wp-json\/wp\/v2\/pages"}],"about":[{"href":"https:\/\/zsps.krakow.pl\/index.php\/wp-json\/wp\/v2\/types\/page"}],"author":[{"embeddable":true,"href":"https:\/\/zsps.krakow.pl\/index.php\/wp-json\/wp\/v2\/users\/2"}],"replies":[{"embeddable":true,"href":"https:\/\/zsps.krakow.pl\/index.php\/wp-json\/wp\/v2\/comments?post=16"}],"version-history":[{"count":30,"href":"https:\/\/zsps.krakow.pl\/index.php\/wp-json\/wp\/v2\/pages\/16\/revisions"}],"predecessor-version":[{"id":5124,"href":"https:\/\/zsps.krakow.pl\/index.php\/wp-json\/wp\/v2\/pages\/16\/revisions\/5124"}],"wp:attachment":[{"href":"https:\/\/zsps.krakow.pl\/index.php\/wp-json\/wp\/v2\/media?parent=16"}],"curies":[{"name":"wp","href":"https:\/\/api.w.org\/{rel}","templated":true}]}}