{"id":1644,"date":"2019-02-01T10:18:23","date_gmt":"2019-02-01T09:18:23","guid":{"rendered":"http:\/\/zsps.krakow.pl\/?page_id=1644"},"modified":"2019-09-19T08:18:32","modified_gmt":"2019-09-19T06:18:32","slug":"centrum-kompetencji-zawodowych","status":"publish","type":"page","link":"https:\/\/zsps.krakow.pl\/index.php\/centrum-kompetencji-zawodowych\/","title":{"rendered":"Centrum Kompetencji Zawodowych"},"content":{"rendered":"<p>&nbsp;<\/p>\n<div class=\"m_-5228396418914719740text_exposed_show\">\n<h3><img decoding=\"async\" loading=\"lazy\" class=\"aligncenter wp-image-1932 size-full\" src=\"https:\/\/zsps.krakow.pl\/wp-content\/uploads\/2019\/09\/2019_20-plakat-REKRUTACJA-UCZNI\u00d3W-NA-KURSY-CKZ-1.png\" alt=\"\" width=\"1654\" height=\"2339\" srcset=\"https:\/\/zsps.krakow.pl\/wp-content\/uploads\/2019\/09\/2019_20-plakat-REKRUTACJA-UCZNI\u00d3W-NA-KURSY-CKZ-1.png 1654w, https:\/\/zsps.krakow.pl\/wp-content\/uploads\/2019\/09\/2019_20-plakat-REKRUTACJA-UCZNI\u00d3W-NA-KURSY-CKZ-1-212x300.png 212w, https:\/\/zsps.krakow.pl\/wp-content\/uploads\/2019\/09\/2019_20-plakat-REKRUTACJA-UCZNI\u00d3W-NA-KURSY-CKZ-1-768x1086.png 768w, https:\/\/zsps.krakow.pl\/wp-content\/uploads\/2019\/09\/2019_20-plakat-REKRUTACJA-UCZNI\u00d3W-NA-KURSY-CKZ-1-736x1041.png 736w\" sizes=\"(max-width: 1654px) 100vw, 1654px\" \/><\/h3>\n<p><img decoding=\"async\" loading=\"lazy\" class=\"aligncenter wp-image-1933 size-full\" src=\"https:\/\/zsps.krakow.pl\/wp-content\/uploads\/2019\/09\/2019_20-plakat-REKRUTACJA-UCZNI\u00d3W-NA-KURSY-CKZ-2.png\" alt=\"\" width=\"1654\" height=\"2339\" srcset=\"https:\/\/zsps.krakow.pl\/wp-content\/uploads\/2019\/09\/2019_20-plakat-REKRUTACJA-UCZNI\u00d3W-NA-KURSY-CKZ-2.png 1654w, https:\/\/zsps.krakow.pl\/wp-content\/uploads\/2019\/09\/2019_20-plakat-REKRUTACJA-UCZNI\u00d3W-NA-KURSY-CKZ-2-212x300.png 212w, https:\/\/zsps.krakow.pl\/wp-content\/uploads\/2019\/09\/2019_20-plakat-REKRUTACJA-UCZNI\u00d3W-NA-KURSY-CKZ-2-768x1086.png 768w, https:\/\/zsps.krakow.pl\/wp-content\/uploads\/2019\/09\/2019_20-plakat-REKRUTACJA-UCZNI\u00d3W-NA-KURSY-CKZ-2-736x1041.png 736w\" sizes=\"(max-width: 1654px) 100vw, 1654px\" \/><\/p>\n<h3><span style=\"color: #ff0000;\"><a style=\"color: #ff0000;\" href=\"https:\/\/zsps.krakow.pl\/wp-content\/uploads\/2019\/02\/Deklaracja-uczestnictwa.doc\">Deklaracja uczestnictwa<\/a><\/span><\/h3>\n<h3><span style=\"color: #ff0000;\"><a style=\"color: #ff0000;\" href=\"https:\/\/zsps.krakow.pl\/wp-content\/uploads\/2019\/02\/Formularz-zg\u0142oszeniowy.doc\">Formularz zg\u0142oszeniowy<\/a><\/span><\/h3>\n<h3><span style=\"color: #ff0000;\"><a style=\"color: #ff0000;\" href=\"https:\/\/zsps.krakow.pl\/wp-content\/uploads\/2019\/02\/Regulamin-uczestnictwa-w-projekcie-z-uwazgl\u0119nieniem-aneksu-1-1-1.doc\">Regulamin uczestnictwa w projekcie z uwzgl\u0119nieniem aneksu-1-1-1<\/a><\/span><\/h3>\n<h3><span style=\"color: #ff0000;\"><a style=\"color: #ff0000;\" href=\"https:\/\/zsps.krakow.pl\/wp-content\/uploads\/2019\/02\/Za\u0142.-4-RODO-O\u015bwiadczenie-uczestnika-dot.-przetwarzania-danych-osobowych.doc\">Za\u0142. 4 RODO O\u015bwiadczenie uczestnika dot. przetwarzania danych osobowych<\/a><\/span><\/h3>\n<h3><span style=\"color: #ff0000;\"><a style=\"color: #ff0000;\" href=\"https:\/\/zsps.krakow.pl\/wp-content\/uploads\/2019\/02\/Za\u0142.-5-Zakres-danych-osobowych-powierzonych-do-przetwarzania.doc\">Za\u0142. 5 Zakres danych osobowych powierzonych do przetwarzania<\/a><\/span><\/h3>\n<p><a href=\"https:\/\/zsps.krakow.pl\/wp-content\/uploads\/2019\/03\/PLAKAT-T-2019-1.png\" rel=\"lightbox[1644]\"><img decoding=\"async\" loading=\"lazy\" class=\"aligncenter wp-image-1765 size-large\" src=\"https:\/\/zsps.krakow.pl\/wp-content\/uploads\/2019\/03\/PLAKAT-T-2019-1-1041x739.png\" alt=\"\" width=\"640\" height=\"454\" srcset=\"https:\/\/zsps.krakow.pl\/wp-content\/uploads\/2019\/03\/PLAKAT-T-2019-1-1041x739.png 1041w, https:\/\/zsps.krakow.pl\/wp-content\/uploads\/2019\/03\/PLAKAT-T-2019-1-300x213.png 300w, https:\/\/zsps.krakow.pl\/wp-content\/uploads\/2019\/03\/PLAKAT-T-2019-1-768x545.png 768w, https:\/\/zsps.krakow.pl\/wp-content\/uploads\/2019\/03\/PLAKAT-T-2019-1-340x240.png 340w\" sizes=\"(max-width: 640px) 100vw, 640px\" \/><\/a><\/p>\n<\/div>\n","protected":false},"excerpt":{"rendered":"<p>&nbsp; Deklaracja uczestnictwa Formularz zg\u0142oszeniowy Regulamin uczestnictwa w projekcie z uwzgl\u0119nieniem aneksu-1-1-1 Za\u0142. 4 RODO O\u015bwiadczenie uczestnika dot. przetwarzania danych osobowych Za\u0142. 5 Zakres danych osobowych powierzonych do przetwarzania<\/p>\n","protected":false},"author":2,"featured_media":1637,"parent":0,"menu_order":0,"comment_status":"closed","ping_status":"closed","template":"","meta":{"footnotes":"","two_page_speed":[]},"jetpack_shortlink":"https:\/\/wp.me\/P9B38h-qw","_links":{"self":[{"href":"https:\/\/zsps.krakow.pl\/index.php\/wp-json\/wp\/v2\/pages\/1644"}],"collection":[{"href":"https:\/\/zsps.krakow.pl\/index.php\/wp-json\/wp\/v2\/pages"}],"about":[{"href":"https:\/\/zsps.krakow.pl\/index.php\/wp-json\/wp\/v2\/types\/page"}],"author":[{"embeddable":true,"href":"https:\/\/zsps.krakow.pl\/index.php\/wp-json\/wp\/v2\/users\/2"}],"replies":[{"embeddable":true,"href":"https:\/\/zsps.krakow.pl\/index.php\/wp-json\/wp\/v2\/comments?post=1644"}],"version-history":[{"count":4,"href":"https:\/\/zsps.krakow.pl\/index.php\/wp-json\/wp\/v2\/pages\/1644\/revisions"}],"predecessor-version":[{"id":1935,"href":"https:\/\/zsps.krakow.pl\/index.php\/wp-json\/wp\/v2\/pages\/1644\/revisions\/1935"}],"wp:featuredmedia":[{"embeddable":true,"href":"https:\/\/zsps.krakow.pl\/index.php\/wp-json\/wp\/v2\/media\/1637"}],"wp:attachment":[{"href":"https:\/\/zsps.krakow.pl\/index.php\/wp-json\/wp\/v2\/media?parent=1644"}],"curies":[{"name":"wp","href":"https:\/\/api.w.org\/{rel}","templated":true}]}}