{"id":2144,"date":"2020-03-27T09:49:41","date_gmt":"2020-03-27T08:49:41","guid":{"rendered":"http:\/\/zsps.krakow.pl\/?page_id=2144"},"modified":"2021-02-07T21:08:25","modified_gmt":"2021-02-07T20:08:25","slug":"technikum-przemyslu-spozywczego-nr-22-w-krakowie-im-sw-maksymiliana-marii-kolbe","status":"publish","type":"page","link":"https:\/\/zsps.krakow.pl\/index.php\/technikum-przemyslu-spozywczego-nr-22-w-krakowie-im-sw-maksymiliana-marii-kolbe\/","title":{"rendered":"<font color=#000000>TECHNIKUM PRZEMYS\u0141U SPO\u017bYWCZEGO NR 22<\/font>"},"content":{"rendered":"<p>&nbsp;<\/p>\n<p>&nbsp;<\/p>\n<p><img decoding=\"async\" loading=\"lazy\" class=\"aligncenter wp-image-2615 size-full\" src=\"https:\/\/zsps.krakow.pl\/wp-content\/uploads\/2021\/02\/Zesp\u00f3\u0142-Szk\u00f3\u0142-Przemys\u0142u-Spo\u017cywczego-rekrutacja-\u2014-Technikum-1.png\" alt=\"\" width=\"1500\" height=\"2000\" srcset=\"https:\/\/zsps.krakow.pl\/wp-content\/uploads\/2021\/02\/Zesp\u00f3\u0142-Szk\u00f3\u0142-Przemys\u0142u-Spo\u017cywczego-rekrutacja-\u2014-Technikum-1.png 1500w, https:\/\/zsps.krakow.pl\/wp-content\/uploads\/2021\/02\/Zesp\u00f3\u0142-Szk\u00f3\u0142-Przemys\u0142u-Spo\u017cywczego-rekrutacja-\u2014-Technikum-1-225x300.png 225w, https:\/\/zsps.krakow.pl\/wp-content\/uploads\/2021\/02\/Zesp\u00f3\u0142-Szk\u00f3\u0142-Przemys\u0142u-Spo\u017cywczego-rekrutacja-\u2014-Technikum-1-768x1024.png 768w, https:\/\/zsps.krakow.pl\/wp-content\/uploads\/2021\/02\/Zesp\u00f3\u0142-Szk\u00f3\u0142-Przemys\u0142u-Spo\u017cywczego-rekrutacja-\u2014-Technikum-1-781x1041.png 781w, https:\/\/zsps.krakow.pl\/wp-content\/uploads\/2021\/02\/Zesp\u00f3\u0142-Szk\u00f3\u0142-Przemys\u0142u-Spo\u017cywczego-rekrutacja-\u2014-Technikum-1-600x800.png 600w\" sizes=\"(max-width: 1500px) 100vw, 1500px\" \/><\/p>\n<p><img decoding=\"async\" loading=\"lazy\" class=\"aligncenter wp-image-2616 size-full\" src=\"https:\/\/zsps.krakow.pl\/wp-content\/uploads\/2021\/02\/Zesp\u00f3\u0142-Szk\u00f3\u0142-Przemys\u0142u-Spo\u017cywczego-rekrutacja-\u2014-Technikum-2.png\" alt=\"\" width=\"1500\" height=\"2000\" srcset=\"https:\/\/zsps.krakow.pl\/wp-content\/uploads\/2021\/02\/Zesp\u00f3\u0142-Szk\u00f3\u0142-Przemys\u0142u-Spo\u017cywczego-rekrutacja-\u2014-Technikum-2.png 1500w, https:\/\/zsps.krakow.pl\/wp-content\/uploads\/2021\/02\/Zesp\u00f3\u0142-Szk\u00f3\u0142-Przemys\u0142u-Spo\u017cywczego-rekrutacja-\u2014-Technikum-2-225x300.png 225w, https:\/\/zsps.krakow.pl\/wp-content\/uploads\/2021\/02\/Zesp\u00f3\u0142-Szk\u00f3\u0142-Przemys\u0142u-Spo\u017cywczego-rekrutacja-\u2014-Technikum-2-768x1024.png 768w, https:\/\/zsps.krakow.pl\/wp-content\/uploads\/2021\/02\/Zesp\u00f3\u0142-Szk\u00f3\u0142-Przemys\u0142u-Spo\u017cywczego-rekrutacja-\u2014-Technikum-2-781x1041.png 781w, https:\/\/zsps.krakow.pl\/wp-content\/uploads\/2021\/02\/Zesp\u00f3\u0142-Szk\u00f3\u0142-Przemys\u0142u-Spo\u017cywczego-rekrutacja-\u2014-Technikum-2-600x800.png 600w\" sizes=\"(max-width: 1500px) 100vw, 1500px\" \/><\/p>\n<p>&nbsp;<\/p>\n<h3 style=\"text-align: center;\"><\/h3>\n","protected":false},"excerpt":{"rendered":"<p>&nbsp; &nbsp; &nbsp;<\/p>\n","protected":false},"author":2,"featured_media":0,"parent":0,"menu_order":0,"comment_status":"closed","ping_status":"closed","template":"","meta":{"footnotes":"","two_page_speed":[]},"jetpack_shortlink":"https:\/\/wp.me\/P9B38h-yA","_links":{"self":[{"href":"https:\/\/zsps.krakow.pl\/index.php\/wp-json\/wp\/v2\/pages\/2144"}],"collection":[{"href":"https:\/\/zsps.krakow.pl\/index.php\/wp-json\/wp\/v2\/pages"}],"about":[{"href":"https:\/\/zsps.krakow.pl\/index.php\/wp-json\/wp\/v2\/types\/page"}],"author":[{"embeddable":true,"href":"https:\/\/zsps.krakow.pl\/index.php\/wp-json\/wp\/v2\/users\/2"}],"replies":[{"embeddable":true,"href":"https:\/\/zsps.krakow.pl\/index.php\/wp-json\/wp\/v2\/comments?post=2144"}],"version-history":[{"count":7,"href":"https:\/\/zsps.krakow.pl\/index.php\/wp-json\/wp\/v2\/pages\/2144\/revisions"}],"predecessor-version":[{"id":2617,"href":"https:\/\/zsps.krakow.pl\/index.php\/wp-json\/wp\/v2\/pages\/2144\/revisions\/2617"}],"wp:attachment":[{"href":"https:\/\/zsps.krakow.pl\/index.php\/wp-json\/wp\/v2\/media?parent=2144"}],"curies":[{"name":"wp","href":"https:\/\/api.w.org\/{rel}","templated":true}]}}