{"id":2160,"date":"2020-03-27T10:11:16","date_gmt":"2020-03-27T09:11:16","guid":{"rendered":"http:\/\/zsps.krakow.pl\/?page_id=2160"},"modified":"2020-06-04T10:08:22","modified_gmt":"2020-06-04T08:08:22","slug":"viii-liceum-ogolnoksztalcace-dla-doroslych","status":"publish","type":"page","link":"https:\/\/zsps.krakow.pl\/index.php\/viii-liceum-ogolnoksztalcace-dla-doroslych\/","title":{"rendered":"<font color=#000000>VIII LICEUM OG\u00d3LNOKSZTA\u0141C\u0104CE DLA DOROS\u0141YCH<\/font>"},"content":{"rendered":"<h1 style=\"text-align: center;\"><span style=\"color: #ff0000;\"><b>UWAGA NOWE TERMINY REKRUTACJI<\/b><\/span><\/h1>\n<p>&nbsp;<\/p>\n<h1 style=\"text-align: center;\"><strong><span style=\"color: #ff0000;\">DRUKI na rok szkolny 2020\/2021<\/span><\/strong><\/h1>\n<h3>\u00a0<img decoding=\"async\" loading=\"lazy\" class=\"aligncenter wp-image-2340 size-full\" src=\"https:\/\/zsps.krakow.pl\/wp-content\/uploads\/2020\/06\/Zesp\u00f3\u0142-Szk\u00f3\u0142-Przemys\u0142u-Spo\u017cywczego-rekrutacja-\u2014-Liceum-dla-doros\u0142ych-1.png\" alt=\"\" width=\"1500\" height=\"2000\" srcset=\"https:\/\/zsps.krakow.pl\/wp-content\/uploads\/2020\/06\/Zesp\u00f3\u0142-Szk\u00f3\u0142-Przemys\u0142u-Spo\u017cywczego-rekrutacja-\u2014-Liceum-dla-doros\u0142ych-1.png 1500w, https:\/\/zsps.krakow.pl\/wp-content\/uploads\/2020\/06\/Zesp\u00f3\u0142-Szk\u00f3\u0142-Przemys\u0142u-Spo\u017cywczego-rekrutacja-\u2014-Liceum-dla-doros\u0142ych-1-225x300.png 225w, https:\/\/zsps.krakow.pl\/wp-content\/uploads\/2020\/06\/Zesp\u00f3\u0142-Szk\u00f3\u0142-Przemys\u0142u-Spo\u017cywczego-rekrutacja-\u2014-Liceum-dla-doros\u0142ych-1-768x1024.png 768w, https:\/\/zsps.krakow.pl\/wp-content\/uploads\/2020\/06\/Zesp\u00f3\u0142-Szk\u00f3\u0142-Przemys\u0142u-Spo\u017cywczego-rekrutacja-\u2014-Liceum-dla-doros\u0142ych-1-781x1041.png 781w, https:\/\/zsps.krakow.pl\/wp-content\/uploads\/2020\/06\/Zesp\u00f3\u0142-Szk\u00f3\u0142-Przemys\u0142u-Spo\u017cywczego-rekrutacja-\u2014-Liceum-dla-doros\u0142ych-1-600x800.png 600w\" sizes=\"(max-width: 1500px) 100vw, 1500px\" \/><\/h3>\n<h3 style=\"text-align: center;\"><a href=\"https:\/\/zsps.krakow.pl\/wp-content\/uploads\/2020\/03\/LO-Kwestionariusz.-Podania.pdf\">Kwestionariusz i podanie (PDF)<\/a><\/h3>\n<h3 style=\"text-align: center;\"><a href=\"https:\/\/zsps.krakow.pl\/wp-content\/uploads\/2020\/03\/LO-Kwestionariusz.-Podania.docx\">Kwestionariusz i Podanie (DOCX)<\/a><\/h3>\n<h3 style=\"text-align: center;\"><a href=\"https:\/\/zsps.krakow.pl\/wp-content\/uploads\/2020\/03\/Regulamin-Rekrutacji-do-VIII-LO-dla-doros\u0142ych-w-roku-2020-2021.doc\">Regulamin rekrutacji do VIII Liceum dla Doros\u0142ych (doc)<\/a><\/h3>\n<h3 style=\"text-align: center;\"><a href=\"https:\/\/zsps.krakow.pl\/wp-content\/uploads\/2020\/03\/Regulamin-Rekrutacji-do-VIII-LO-dla-doros\u0142ych-w-roku-2020-2021.pdf\">Regulamin rekrutacji do VIII Liceum dla Doros\u0142ych (PDF)<\/a><\/h3>\n","protected":false},"excerpt":{"rendered":"<p>UWAGA NOWE TERMINY REKRUTACJI &nbsp; DRUKI na rok szkolny 2020\/2021 \u00a0 Kwestionariusz i podanie (PDF) Kwestionariusz i Podanie (DOCX) Regulamin rekrutacji do VIII Liceum dla Doros\u0142ych (doc) Regulamin rekrutacji do VIII Liceum dla Doros\u0142ych (PDF)<\/p>\n","protected":false},"author":2,"featured_media":0,"parent":0,"menu_order":0,"comment_status":"closed","ping_status":"closed","template":"","meta":{"footnotes":"","two_page_speed":[]},"jetpack_shortlink":"https:\/\/wp.me\/P9B38h-yQ","_links":{"self":[{"href":"https:\/\/zsps.krakow.pl\/index.php\/wp-json\/wp\/v2\/pages\/2160"}],"collection":[{"href":"https:\/\/zsps.krakow.pl\/index.php\/wp-json\/wp\/v2\/pages"}],"about":[{"href":"https:\/\/zsps.krakow.pl\/index.php\/wp-json\/wp\/v2\/types\/page"}],"author":[{"embeddable":true,"href":"https:\/\/zsps.krakow.pl\/index.php\/wp-json\/wp\/v2\/users\/2"}],"replies":[{"embeddable":true,"href":"https:\/\/zsps.krakow.pl\/index.php\/wp-json\/wp\/v2\/comments?post=2160"}],"version-history":[{"count":3,"href":"https:\/\/zsps.krakow.pl\/index.php\/wp-json\/wp\/v2\/pages\/2160\/revisions"}],"predecessor-version":[{"id":2342,"href":"https:\/\/zsps.krakow.pl\/index.php\/wp-json\/wp\/v2\/pages\/2160\/revisions\/2342"}],"wp:attachment":[{"href":"https:\/\/zsps.krakow.pl\/index.php\/wp-json\/wp\/v2\/media?parent=2160"}],"curies":[{"name":"wp","href":"https:\/\/api.w.org\/{rel}","templated":true}]}}