{"id":2350,"date":"2020-06-10T15:56:40","date_gmt":"2020-06-10T13:56:40","guid":{"rendered":"http:\/\/zsps.krakow.pl\/?page_id=2350"},"modified":"2020-06-10T16:44:09","modified_gmt":"2020-06-10T14:44:09","slug":"staze-wakacyjne-ckz","status":"publish","type":"page","link":"https:\/\/zsps.krakow.pl\/index.php\/staze-wakacyjne-ckz\/","title":{"rendered":"<font color=\t#FF0000><b>Sta\u017ce wakacyjne CKZ<\/b><\/font>"},"content":{"rendered":"<p>Drodzy uczniowie,<\/p>\n<p>nasza szko\u0142a organizowa\u0107 b\u0119dzie sta\u017ce wakacyjne CKZ w dniach od 1 do 30 lipca (tylko w dni powszednie). Uczestnik musi wypracowa\u0107 150 h, czyli 21 dni po 7h i jeden dzie\u0144 3h. Na sta\u017c mog\u0105 zg\u0142asza\u0107 si\u0119 uczniowie technikum i bran\u017cowej szko\u0142y I stopnia, kt\u00f3rzy uko\u0144czyli 16 rok \u017cycia. Uczniowie szko\u0142y bran\u017cowej nie mog\u0105 odbywa\u0107 sta\u017cu u swojego pracodawcy i w czasie swojej praktyki zawodowej. Po zako\u0144czonym sta\u017cu ucze\u0144 otrzymuje wynagrodzenie w wysoko\u015bci 2.000 z\u0142 netto.<\/p>\n<p>Ucze\u0144, kt\u00f3ry chce zg\u0142osi\u0107 ch\u0119\u0107 wzi\u0119cia udzia\u0142u w sta\u017cu powinien zapozna\u0107 si\u0119 z regulaminem oraz przes\u0142a\u0107 skan czytelnie wype\u0142nionego formularza zg\u0142oszeniowego do dnia 15.06.2020 r. do godz. 20:00 na adres <a href=\"mailto:ckz2020.zsps@gmail.com\">ckz2020.zsps@gmail.com<\/a>. W tre\u015bci maila mo\u017cna wpisa\u0107 r\u00f3wnie\u017c kilku pracodawc\u00f3w (z listy pracodawc\u00f3w) u kt\u00f3rych chcia\u0142oby si\u0119 mie\u0107 praktyki.<\/p>\n<p>W przypadku, gdy ilo\u015b\u0107 ch\u0119tnych przekracza ilo\u015b\u0107 miejsc przewidzianych na sta\u017ce wakacyjne decyduje w kolejno\u015bci:<\/p>\n<ul>\n<li>uczniowie klas programowo wy\u017cszych,<\/li>\n<li>uczniowie, kt\u00f3rzy nie korzystali z \u017cadnej formy wsparcia lub korzystali z mniejszej ilo\u015bci form wsparcia. Ucze\u0144 sk\u0142ada o\u015bwiadczenie w formularzu zg\u0142oszeniowym,<\/li>\n<li>wysoko\u015b\u0107 frekwencji na zaj\u0119ciach szkolnych w okresie klasyfikacyjnym poprzedzaj\u0105cym okres rekrutacji,<\/li>\n<li>pierwsze\u0144stwo maj\u0105 uczniowie o najwy\u017cszej \u015bredniej z ocen z pierwszego semestru z przedmiot\u00f3w zawodowych, w tym zaj\u0119\u0107 praktycznych i praktyk zawodowych.<\/li>\n<\/ul>\n<p>Frekwencj\u0119 i \u015bredni\u0105 ocen za pierwszy semestr nale\u017cy pobra\u0107 od wychowawcy klasy.<\/p>\n<p>O zakwalifikowaniu si\u0119 na sta\u017c ucze\u0144 zostanie poinformowany przez dziennik elektroniczny Librus do dnia 16.06.2020 r. do godz. 21:00.<\/p>\n<p>Za sta\u017ce wakacyjne odpowiedzialny jest Pan Marcin Bauerek.<\/p>\n<h3 style=\"text-align: center;\"><strong>Ilo\u015b\u0107 sta\u017cyst\u00f3w: 20<\/strong><\/h3>\n<h3 style=\"text-align: center;\">Lista pracodawc\u00f3w<\/h3>\n<p><img decoding=\"async\" loading=\"lazy\" class=\"aligncenter wp-image-2351 size-large\" src=\"https:\/\/zsps.krakow.pl\/wp-content\/uploads\/2020\/06\/Pracodawcy-na-stron\u0119-1-736x1041.png\" alt=\"\" width=\"640\" height=\"905\" srcset=\"https:\/\/zsps.krakow.pl\/wp-content\/uploads\/2020\/06\/Pracodawcy-na-stron\u0119-1-736x1041.png 736w, https:\/\/zsps.krakow.pl\/wp-content\/uploads\/2020\/06\/Pracodawcy-na-stron\u0119-1-212x300.png 212w, https:\/\/zsps.krakow.pl\/wp-content\/uploads\/2020\/06\/Pracodawcy-na-stron\u0119-1-768x1086.png 768w, https:\/\/zsps.krakow.pl\/wp-content\/uploads\/2020\/06\/Pracodawcy-na-stron\u0119-1.png 1654w\" sizes=\"(max-width: 640px) 100vw, 640px\" \/><\/p>\n<h3 style=\"text-align: center;\"><a href=\"https:\/\/zsps.krakow.pl\/wp-content\/uploads\/2020\/06\/tekst-jednolity_Regulamin-uczestnictwa-w-projekcie_z-uwazgl\u0119nieniem-aneksu_nr-3.doc\">Regulamin (WORD)<\/a><\/h3>\n<h3 style=\"text-align: center;\"><a href=\"https:\/\/zsps.krakow.pl\/wp-content\/uploads\/2020\/06\/tekst-jednolity_Regulamin-uczestnictwa-w-projekcie_z-uwazgl\u0119nieniem-aneksu_nr-3.pdf\">Regulamin (PDF)<\/a><\/h3>\n<h3 style=\"text-align: center;\"><a href=\"https:\/\/zsps.krakow.pl\/wp-content\/uploads\/2020\/06\/Za\u0142.-2-Formularz-zg\u0142oszeniowy.doc\">Formularz zg\u0142oszeniowy (WORD)<\/a><\/h3>\n<h3 style=\"text-align: center;\"><a href=\"https:\/\/zsps.krakow.pl\/wp-content\/uploads\/2020\/06\/Za\u0142.-2-Formularz-zg\u0142oszeniowy.pdf\">Formularz zg\u0142oszeniowy (PDF)<\/a><\/h3>\n","protected":false},"excerpt":{"rendered":"<p>Drodzy uczniowie, nasza szko\u0142a organizowa\u0107 b\u0119dzie sta\u017ce wakacyjne CKZ w dniach od 1 do 30 lipca (tylko w dni powszednie). Uczestnik musi wypracowa\u0107 150 h, czyli 21 dni po 7h i jeden dzie\u0144 3h. Na sta\u017c mog\u0105 zg\u0142asza\u0107 si\u0119 uczniowie technikum i bran\u017cowej szko\u0142y I stopnia, kt\u00f3rzy uko\u0144czyli 16 rok \u017cycia. Uczniowie szko\u0142y bran\u017cowej nie&hellip;<\/p>\n","protected":false},"author":2,"featured_media":2357,"parent":0,"menu_order":0,"comment_status":"closed","ping_status":"closed","template":"","meta":{"footnotes":"","two_page_speed":[]},"jetpack_shortlink":"https:\/\/wp.me\/P9B38h-BU","_links":{"self":[{"href":"https:\/\/zsps.krakow.pl\/index.php\/wp-json\/wp\/v2\/pages\/2350"}],"collection":[{"href":"https:\/\/zsps.krakow.pl\/index.php\/wp-json\/wp\/v2\/pages"}],"about":[{"href":"https:\/\/zsps.krakow.pl\/index.php\/wp-json\/wp\/v2\/types\/page"}],"author":[{"embeddable":true,"href":"https:\/\/zsps.krakow.pl\/index.php\/wp-json\/wp\/v2\/users\/2"}],"replies":[{"embeddable":true,"href":"https:\/\/zsps.krakow.pl\/index.php\/wp-json\/wp\/v2\/comments?post=2350"}],"version-history":[{"count":2,"href":"https:\/\/zsps.krakow.pl\/index.php\/wp-json\/wp\/v2\/pages\/2350\/revisions"}],"predecessor-version":[{"id":2360,"href":"https:\/\/zsps.krakow.pl\/index.php\/wp-json\/wp\/v2\/pages\/2350\/revisions\/2360"}],"wp:featuredmedia":[{"embeddable":true,"href":"https:\/\/zsps.krakow.pl\/index.php\/wp-json\/wp\/v2\/media\/2357"}],"wp:attachment":[{"href":"https:\/\/zsps.krakow.pl\/index.php\/wp-json\/wp\/v2\/media?parent=2350"}],"curies":[{"name":"wp","href":"https:\/\/api.w.org\/{rel}","templated":true}]}}