{"id":255,"date":"2017-08-13T12:07:50","date_gmt":"2017-08-13T10:07:50","guid":{"rendered":"http:\/\/test.zsps.krakow.pl\/?page_id=255"},"modified":"2025-02-04T13:15:34","modified_gmt":"2025-02-04T12:15:34","slug":"konkursy","status":"publish","type":"page","link":"https:\/\/zsps.krakow.pl\/index.php\/konkursy\/","title":{"rendered":"Konkursy"},"content":{"rendered":"<h4><img decoding=\"async\" loading=\"lazy\" class=\"aligncenter wp-image-1481 size-large\" src=\"https:\/\/zsps.krakow.pl\/wp-content\/uploads\/2018\/10\/cup-1615074_1280-1041x555.png\" alt=\"\" width=\"640\" height=\"341\" srcset=\"https:\/\/zsps.krakow.pl\/wp-content\/uploads\/2018\/10\/cup-1615074_1280-1041x555.png 1041w, https:\/\/zsps.krakow.pl\/wp-content\/uploads\/2018\/10\/cup-1615074_1280-300x160.png 300w, https:\/\/zsps.krakow.pl\/wp-content\/uploads\/2018\/10\/cup-1615074_1280-768x409.png 768w, https:\/\/zsps.krakow.pl\/wp-content\/uploads\/2018\/10\/cup-1615074_1280.png 1280w\" sizes=\"(max-width: 640px) 100vw, 640px\" \/><\/h4>\n<h2 style=\"text-align: center;\"><strong>konkursy zawodowe na rok szkolny 2019\/2020<\/strong><\/h2>\n<h4 style=\"text-align: center;\"><a href=\"https:\/\/zsps.krakow.pl\/wp-content\/uploads\/2019\/11\/XXIV-Olimpiada-Wiedzy-o-\u017bywieniu-i-\u017bywno\u015bci.docx\">XXIV Olimpiada Wiedzy o \u017bywieniu i \u017bywno\u015bci<\/a><\/h4>\n<h4 style=\"text-align: center;\"><a href=\"https:\/\/zsps.krakow.pl\/wp-content\/uploads\/2019\/11\/XXII-OG\u00d3LNOPOLSKA-OLIMPIADA-WIEDZY-O-\u017bYWNO\u015aCI.docx\">XXII OG\u00d3LNOPOLSKA OLIMPIADA WIEDZY O \u017bYWNO\u015aCI<\/a><\/h4>\n<h4 style=\"text-align: center;\"><a href=\"https:\/\/zsps.krakow.pl\/wp-content\/uploads\/2019\/11\/XXV-EDYCJA-OG\u00d3LNOPOLSKIEGO-TURNIEJU.docx\">XXV EDYCJA OG\u00d3LNOPOLSKIEGO TURNIEJU NA NAJLEPSZEGO UCZNIA W ZAWODZIE CUKIERNIK I PIEKARZ<\/a><\/h4>\n<h4 style=\"text-align: center;\"><a href=\"https:\/\/zsps.krakow.pl\/wp-content\/uploads\/2019\/11\/III-OG\u00d3LNOPOLSKI-TURNIEJ-NA-NAJLEPSZEGO-UCZNIA.docx\">III OG\u00d3LNOPOLSKI TURNIEJ NA NAJLEPSZEGO UCZNIA W ZAWODZIE KUCHARZ<\/a><\/h4>\n<h4 style=\"text-align: center;\"><a href=\"https:\/\/zsps.krakow.pl\/wp-content\/uploads\/2019\/11\/MA\u0141OPOLSKI-KONKURS-SZK\u00d3\u0141-GASTRONOMICZNYCH.docx\">MA\u0141OPOLSKI KONKURS SZK\u00d3\u0141 GASTRONOMICZNYCH<\/a><\/h4>\n<h4 style=\"text-align: center;\"><a href=\"https:\/\/zsps.krakow.pl\/wp-content\/uploads\/2019\/11\/SZKOLNY-KONKURS.docx\">SZKOLNY KONKURS \u201eWIELKANOC PO KRAKOWSKU\u201d<\/a><\/h4>\n<h4 style=\"text-align: center;\"><a href=\"https:\/\/zsps.krakow.pl\/wp-content\/uploads\/2020\/03\/VI-MI\u0118DZYNARODOWY-KONKURS-KULINARNY.docx\">MI\u0118DZYNARODOWY KONKURS KULINARNY \u201eSMAK GO\u015aCINNO\u015aCI\u201d<\/a><\/h4>\n<h4 style=\"text-align: center;\"><a href=\"https:\/\/zsps.krakow.pl\/wp-content\/uploads\/2019\/11\/KONKURS.docx\">KONKURS \u201eBLACK BOX\u201d<\/a><\/h4>\n<h4 style=\"text-align: center;\"><a href=\"https:\/\/zsps.krakow.pl\/wp-content\/uploads\/2019\/11\/OLIMPIADA-WIEDZY-O-MLEKU-I-MLECZARSTWIE.docx\">OLIMPIADA WIEDZY O MLEKU I MLECZARSTWIE<\/a><\/h4>\n","protected":false},"excerpt":{"rendered":"<p>konkursy zawodowe na rok szkolny 2019\/2020 XXIV Olimpiada Wiedzy o \u017bywieniu i \u017bywno\u015bci XXII OG\u00d3LNOPOLSKA OLIMPIADA WIEDZY O \u017bYWNO\u015aCI XXV EDYCJA OG\u00d3LNOPOLSKIEGO TURNIEJU NA NAJLEPSZEGO UCZNIA W ZAWODZIE CUKIERNIK I PIEKARZ III OG\u00d3LNOPOLSKI TURNIEJ NA NAJLEPSZEGO UCZNIA W ZAWODZIE KUCHARZ MA\u0141OPOLSKI KONKURS SZK\u00d3\u0141 GASTRONOMICZNYCH SZKOLNY KONKURS \u201eWIELKANOC PO KRAKOWSKU\u201d MI\u0118DZYNARODOWY KONKURS KULINARNY \u201eSMAK GO\u015aCINNO\u015aCI\u201d KONKURS&hellip;<\/p>\n","protected":false},"author":2,"featured_media":0,"parent":0,"menu_order":0,"comment_status":"closed","ping_status":"closed","template":"","meta":{"footnotes":"","two_page_speed":[]},"jetpack_shortlink":"https:\/\/wp.me\/P9B38h-47","_links":{"self":[{"href":"https:\/\/zsps.krakow.pl\/index.php\/wp-json\/wp\/v2\/pages\/255"}],"collection":[{"href":"https:\/\/zsps.krakow.pl\/index.php\/wp-json\/wp\/v2\/pages"}],"about":[{"href":"https:\/\/zsps.krakow.pl\/index.php\/wp-json\/wp\/v2\/types\/page"}],"author":[{"embeddable":true,"href":"https:\/\/zsps.krakow.pl\/index.php\/wp-json\/wp\/v2\/users\/2"}],"replies":[{"embeddable":true,"href":"https:\/\/zsps.krakow.pl\/index.php\/wp-json\/wp\/v2\/comments?post=255"}],"version-history":[{"count":6,"href":"https:\/\/zsps.krakow.pl\/index.php\/wp-json\/wp\/v2\/pages\/255\/revisions"}],"predecessor-version":[{"id":2120,"href":"https:\/\/zsps.krakow.pl\/index.php\/wp-json\/wp\/v2\/pages\/255\/revisions\/2120"}],"wp:attachment":[{"href":"https:\/\/zsps.krakow.pl\/index.php\/wp-json\/wp\/v2\/media?parent=255"}],"curies":[{"name":"wp","href":"https:\/\/api.w.org\/{rel}","templated":true}]}}