{"id":26,"date":"2017-06-14T12:35:35","date_gmt":"2017-06-14T10:35:35","guid":{"rendered":"http:\/\/test.zsps.krakow.pl\/?page_id=26"},"modified":"2025-11-17T13:36:45","modified_gmt":"2025-11-17T12:36:45","slug":"rada-rodzicow","status":"publish","type":"page","link":"https:\/\/zsps.krakow.pl\/index.php\/rada-rodzicow\/","title":{"rendered":"Rada Rodzic\u00f3w"},"content":{"rendered":"<h1>\u00a0 \u00a0 \u00a0 \u00a0 \u00a0 \u00a0 \u00a0 \u00a0Rada Rodzic\u00f3w<\/h1>\n<h2 style=\"font-weight: 400;\">Drodzy Rodzice<\/h2>\n<h2 style=\"font-weight: 400; text-align: center;\">Licz\u0105c si\u0119 z Pa\u0144stwa zdaniem, czekamy na propozycje, uwagi i opinie dotycz\u0105ce dzia\u0142alno\u015bci Rady Rodzic\u00f3w, jednocze\u015bnie pragniemy w imieniu ca\u0142ej Rady prosi\u0107 o dokonywanie wp\u0142at. Sugerowana kwota sk\u0142adki na Rad\u0119 Rodzic\u00f3w w bie\u017c\u0105cym roku szkolnym to <strong>100,00<\/strong> z\u0142 na rok. Wszystkie \u015brodki w 100 % przeznaczane s\u0105 na rzecz m\u0142odzie\u017cy ucz\u0105cej si\u0119 w ZSPS w ramach dzia\u0142alno\u015bci regulaminowej Rady Rodzic\u00f3w. Dzi\u0119ki wp\u0142atom mo\u017cemy wspiera\u0107 i nagradza\u0107, a tak\u017ce motywowa\u0107 do wi\u0119kszej aktywno\u015bci uczni\u00f3w naszej szko\u0142y. Dofinansowujemy nie tylko r\u00f3\u017cnego rodzaju wydarzenia naukowe, kulturalne, sportowe, nagrody itp. Chcieliby\u015bmy pom\u00f3c dofinansowa\u0107 wszystkie wymagaj\u0105ce wsparcia warto\u015bciowe inicjatywy jednak nasz bud\u017cet jest niewielki. W zwi\u0105zku z powy\u017cszym zwracamy si\u0119 z gor\u0105c\u0105 pro\u015bb\u0105 do wszystkich rodzic\u00f3w, kt\u00f3rzy nie dokonali jeszcze wp\u0142aty w bie\u017c\u0105cym roku szkolnym, o wsparcie finansowe. Pieni\u0105dze mo\u017cna wp\u0142aca\u0107 przedstawicielom tr\u00f3jek klasowych. Wp\u0142aty mo\u017cna dokona\u0107 r\u00f3wnie\u017c bezpo\u015brednio na konto Rady Rodzic\u00f3w:<\/h2>\n<h1 style=\"font-weight: 400; text-align: center;\"><strong>88124046501111001041698847<\/strong><\/h1>\n<h2 style=\"font-weight: 400; text-align: center;\">W tytule wp\u0142aty\u00a0prosz\u0119 wpisa\u0107 imi\u0119 i nazwisko oraz klas\u0119 ucznia.<\/h2>\n<h2 style=\"font-weight: 400; text-align: center;\">Z g\u00f3ry\u00a0dzi\u0119kujemy za\u00a0 okazane wsparcie.<\/h2>\n<h2 style=\"font-weight: 400;\">Rada Rodzic\u00f3w.<\/h2>\n<h2 style=\"text-align: center;\"><a href=\"mailto:rada.rodzicow@zsps.krakow.pl\" target=\"_blank\" rel=\"noopener\"><span style=\"color: #0000ff;\"><strong>rada.rodzicow@zsps.krakow.pl<\/strong><\/span><\/a><\/h2>\n","protected":false},"excerpt":{"rendered":"<p>\u00a0 \u00a0 \u00a0 \u00a0 \u00a0 \u00a0 \u00a0 \u00a0Rada Rodzic\u00f3w Drodzy Rodzice Licz\u0105c si\u0119 z Pa\u0144stwa zdaniem, czekamy na propozycje, uwagi i opinie dotycz\u0105ce dzia\u0142alno\u015bci Rady Rodzic\u00f3w, jednocze\u015bnie pragniemy w imieniu ca\u0142ej Rady prosi\u0107 o dokonywanie wp\u0142at. Sugerowana kwota sk\u0142adki na Rad\u0119 Rodzic\u00f3w w bie\u017c\u0105cym roku szkolnym to 100,00 z\u0142 na rok. Wszystkie \u015brodki w 100&hellip;<\/p>\n","protected":false},"author":2,"featured_media":0,"parent":0,"menu_order":0,"comment_status":"closed","ping_status":"closed","template":"","meta":{"footnotes":"","two_page_speed":[]},"jetpack_shortlink":"https:\/\/wp.me\/P9B38h-q","_links":{"self":[{"href":"https:\/\/zsps.krakow.pl\/index.php\/wp-json\/wp\/v2\/pages\/26"}],"collection":[{"href":"https:\/\/zsps.krakow.pl\/index.php\/wp-json\/wp\/v2\/pages"}],"about":[{"href":"https:\/\/zsps.krakow.pl\/index.php\/wp-json\/wp\/v2\/types\/page"}],"author":[{"embeddable":true,"href":"https:\/\/zsps.krakow.pl\/index.php\/wp-json\/wp\/v2\/users\/2"}],"replies":[{"embeddable":true,"href":"https:\/\/zsps.krakow.pl\/index.php\/wp-json\/wp\/v2\/comments?post=26"}],"version-history":[{"count":11,"href":"https:\/\/zsps.krakow.pl\/index.php\/wp-json\/wp\/v2\/pages\/26\/revisions"}],"predecessor-version":[{"id":5910,"href":"https:\/\/zsps.krakow.pl\/index.php\/wp-json\/wp\/v2\/pages\/26\/revisions\/5910"}],"wp:attachment":[{"href":"https:\/\/zsps.krakow.pl\/index.php\/wp-json\/wp\/v2\/media?parent=26"}],"curies":[{"name":"wp","href":"https:\/\/api.w.org\/{rel}","templated":true}]}}