{"id":2667,"date":"2021-03-06T09:21:07","date_gmt":"2021-03-06T08:21:07","guid":{"rendered":"http:\/\/zsps.krakow.pl\/?page_id=2667"},"modified":"2024-03-28T07:21:18","modified_gmt":"2024-03-28T06:21:18","slug":"kelner-2","status":"publish","type":"page","link":"https:\/\/zsps.krakow.pl\/index.php\/kelner-2\/","title":{"rendered":"Kelner"},"content":{"rendered":"<p><span style=\"color: #000000;\"><a href=\"https:\/\/zsps.krakow.pl\/wp-content\/uploads\/2021\/03\/KELNER-1-1.png\" rel=\"lightbox[2667]\"><img decoding=\"async\" loading=\"lazy\" class=\"alignright wp-image-2668 size-medium\" src=\"https:\/\/zsps.krakow.pl\/wp-content\/uploads\/2021\/03\/KELNER-1-1-212x300.png\" alt=\"\" width=\"212\" height=\"300\" srcset=\"https:\/\/zsps.krakow.pl\/wp-content\/uploads\/2021\/03\/KELNER-1-1-212x300.png 212w, https:\/\/zsps.krakow.pl\/wp-content\/uploads\/2021\/03\/KELNER-1-1-768x1086.png 768w, https:\/\/zsps.krakow.pl\/wp-content\/uploads\/2021\/03\/KELNER-1-1-736x1041.png 736w, https:\/\/zsps.krakow.pl\/wp-content\/uploads\/2021\/03\/KELNER-1-1.png 1654w\" sizes=\"(max-width: 212px) 100vw, 212px\" \/><\/a><\/span><\/p>\n<h2><span style=\"color: #000000;\"><strong>Kelner<\/strong><\/span><\/h2>\n<p><span style=\"color: #000000;\"><strong>Do najwa\u017cniejszych zada\u0144 i obowi\u0105zk\u00f3w wykonywanych w zawodzie nale\u017c\u0105:<\/strong><\/span><\/p>\n<ul>\n<li><span style=\"color: #000000;\">kompleksowa obs\u0142ug\u0105 konsumenta,<\/span><\/li>\n<li><span style=\"color: #000000;\">prowadzenie dokumentacji sprzeda\u017cy i rozliczenia kelnerskie,<\/span><\/li>\n<li><span style=\"color: #000000;\">serwowanie potraw i napoj\u00f3w,<\/span><\/li>\n<li><span style=\"color: #000000;\">przygotowywanie sali konsumpcyjnej do obs\u0142ugi kelnerskiej,<\/span><\/li>\n<li><span style=\"color: #000000;\">nakrywanie sto\u0142u z uwzgl\u0119dnieniem pory dnia i sk\u0142adanego zam\u00f3wienia oraz z wykorzystaniem element\u00f3w dekoracyjnych (np. kompozycje kwiatowe),<\/span><\/li>\n<li><span style=\"color: #000000;\">udzielanie konsumentowi informacji dotycz\u0105cych jad\u0142ospis\u00f3w, przyjmowanie\u00a0 i rejestrowanie zam\u00f3wienia.<\/span><\/li>\n<\/ul>\n<p><span style=\"color: #000000;\"><strong>Mo\u017cliwo\u015b\u0107 zatrudnienia:<\/strong><\/span><\/p>\n<ul>\n<li><span style=\"color: #000000;\">hotele i pensjonaty turystyczne,<\/span><\/li>\n<li><span style=\"color: #000000;\">restauracje,<\/span><\/li>\n<li><span style=\"color: #000000;\">kawiarnie,<\/span><\/li>\n<li><span style=\"color: #000000;\">o\u015brodki wypoczynkowe,<\/span><\/li>\n<li><span style=\"color: #000000;\">zak\u0142ady uzdrowiskowe,<\/span><\/li>\n<li><span style=\"color: #000000;\">agroturystyka.<\/span><\/li>\n<\/ul>\n<p><span style=\"color: #000000;\">Aby zapewni\u0107 Pa\u0144stwa o bie\u017c\u0105cej sytuacji na rynku pracy dla kelner\u00f3w, zapraszamy do \u015bledzenia prognoz zapotrzebowania na pracownik\u00f3w:<\/span><\/p>\n<p><span style=\"color: #0000ff;\"><a style=\"color: #0000ff;\" href=\"https:\/\/barometrzawodow.pl.\/modul\/prognozy-na-mapach-wyniki?map_type=province&amp;map_details=counties&amp;province%5B%5D=6&amp;profession%5B%5D=99&amp;year%5B%5D=2024&amp;relation=1\"><strong>Barometr zawod\u00f3w &#8211; Kelner<\/strong><\/a><\/span><\/p>\n<p><img decoding=\"async\" loading=\"lazy\" class=\"aligncenter wp-image-2668 size-full\" src=\"https:\/\/zsps.krakow.pl\/wp-content\/uploads\/2021\/03\/KELNER-1-1.png\" alt=\"\" width=\"1654\" height=\"2339\" srcset=\"https:\/\/zsps.krakow.pl\/wp-content\/uploads\/2021\/03\/KELNER-1-1.png 1654w, https:\/\/zsps.krakow.pl\/wp-content\/uploads\/2021\/03\/KELNER-1-1-212x300.png 212w, https:\/\/zsps.krakow.pl\/wp-content\/uploads\/2021\/03\/KELNER-1-1-768x1086.png 768w, https:\/\/zsps.krakow.pl\/wp-content\/uploads\/2021\/03\/KELNER-1-1-736x1041.png 736w\" sizes=\"(max-width: 1654px) 100vw, 1654px\" \/><\/p>\n<p><img decoding=\"async\" loading=\"lazy\" class=\"aligncenter wp-image-4311 size-full\" src=\"https:\/\/zsps.krakow.pl\/wp-content\/uploads\/2024\/03\/mlodociany-pracownik.png\" alt=\"\" width=\"1654\" height=\"2339\" srcset=\"https:\/\/zsps.krakow.pl\/wp-content\/uploads\/2024\/03\/mlodociany-pracownik.png 1654w, https:\/\/zsps.krakow.pl\/wp-content\/uploads\/2024\/03\/mlodociany-pracownik-212x300.png 212w, https:\/\/zsps.krakow.pl\/wp-content\/uploads\/2024\/03\/mlodociany-pracownik-736x1041.png 736w, https:\/\/zsps.krakow.pl\/wp-content\/uploads\/2024\/03\/mlodociany-pracownik-768x1086.png 768w, https:\/\/zsps.krakow.pl\/wp-content\/uploads\/2024\/03\/mlodociany-pracownik-1086x1536.png 1086w, https:\/\/zsps.krakow.pl\/wp-content\/uploads\/2024\/03\/mlodociany-pracownik-1448x2048.png 1448w\" sizes=\"(max-width: 1654px) 100vw, 1654px\" \/><\/p>\n","protected":false},"excerpt":{"rendered":"<p>Kelner Do najwa\u017cniejszych zada\u0144 i obowi\u0105zk\u00f3w wykonywanych w zawodzie nale\u017c\u0105: kompleksowa obs\u0142ug\u0105 konsumenta, prowadzenie dokumentacji sprzeda\u017cy i rozliczenia kelnerskie, serwowanie potraw i napoj\u00f3w, przygotowywanie sali konsumpcyjnej do obs\u0142ugi kelnerskiej, nakrywanie sto\u0142u z uwzgl\u0119dnieniem pory dnia i sk\u0142adanego zam\u00f3wienia oraz z wykorzystaniem element\u00f3w dekoracyjnych (np. kompozycje kwiatowe), udzielanie konsumentowi informacji dotycz\u0105cych jad\u0142ospis\u00f3w, przyjmowanie\u00a0 i rejestrowanie zam\u00f3wienia.&hellip;<\/p>\n","protected":false},"author":2,"featured_media":0,"parent":0,"menu_order":0,"comment_status":"closed","ping_status":"closed","template":"","meta":{"footnotes":"","two_page_speed":[]},"jetpack_shortlink":"https:\/\/wp.me\/P9B38h-H1","_links":{"self":[{"href":"https:\/\/zsps.krakow.pl\/index.php\/wp-json\/wp\/v2\/pages\/2667"}],"collection":[{"href":"https:\/\/zsps.krakow.pl\/index.php\/wp-json\/wp\/v2\/pages"}],"about":[{"href":"https:\/\/zsps.krakow.pl\/index.php\/wp-json\/wp\/v2\/types\/page"}],"author":[{"embeddable":true,"href":"https:\/\/zsps.krakow.pl\/index.php\/wp-json\/wp\/v2\/users\/2"}],"replies":[{"embeddable":true,"href":"https:\/\/zsps.krakow.pl\/index.php\/wp-json\/wp\/v2\/comments?post=2667"}],"version-history":[{"count":5,"href":"https:\/\/zsps.krakow.pl\/index.php\/wp-json\/wp\/v2\/pages\/2667\/revisions"}],"predecessor-version":[{"id":4317,"href":"https:\/\/zsps.krakow.pl\/index.php\/wp-json\/wp\/v2\/pages\/2667\/revisions\/4317"}],"wp:attachment":[{"href":"https:\/\/zsps.krakow.pl\/index.php\/wp-json\/wp\/v2\/media?parent=2667"}],"curies":[{"name":"wp","href":"https:\/\/api.w.org\/{rel}","templated":true}]}}