{"id":271,"date":"2017-08-13T13:12:29","date_gmt":"2017-08-13T11:12:29","guid":{"rendered":"http:\/\/test.zsps.krakow.pl\/?page_id=271"},"modified":"2025-06-13T12:11:12","modified_gmt":"2025-06-13T10:11:12","slug":"wynajem","status":"publish","type":"page","link":"https:\/\/zsps.krakow.pl\/index.php\/wynajem\/","title":{"rendered":"<font color=#000000><b>Wynajem<\/b><\/font>"},"content":{"rendered":"<h2 style=\"text-align: center;\">Wykaz pomieszcze\u0144 wynajmowanych przez Zesp\u00f3\u0142 Szk\u00f3\u0142 Przemys\u0142u Spo\u017cywczego w Krakowie<\/h2>\n<h3 style=\"text-align: center;\"><a href=\"https:\/\/zsps.krakow.pl\/wp-content\/uploads\/2025\/06\/wynajem-BIP-na-26-05-2025.pdf\"><span style=\"color: #0000ff;\">Kliknij, aby zobaczy\u0107<\/span><\/a><\/h3>\n","protected":false},"excerpt":{"rendered":"<p>Wykaz pomieszcze\u0144 wynajmowanych przez Zesp\u00f3\u0142 Szk\u00f3\u0142 Przemys\u0142u Spo\u017cywczego w Krakowie Kliknij, aby zobaczy\u0107<\/p>\n","protected":false},"author":2,"featured_media":0,"parent":0,"menu_order":0,"comment_status":"closed","ping_status":"closed","template":"","meta":{"footnotes":"","two_page_speed":[]},"jetpack_shortlink":"https:\/\/wp.me\/P9B38h-4n","_links":{"self":[{"href":"https:\/\/zsps.krakow.pl\/index.php\/wp-json\/wp\/v2\/pages\/271"}],"collection":[{"href":"https:\/\/zsps.krakow.pl\/index.php\/wp-json\/wp\/v2\/pages"}],"about":[{"href":"https:\/\/zsps.krakow.pl\/index.php\/wp-json\/wp\/v2\/types\/page"}],"author":[{"embeddable":true,"href":"https:\/\/zsps.krakow.pl\/index.php\/wp-json\/wp\/v2\/users\/2"}],"replies":[{"embeddable":true,"href":"https:\/\/zsps.krakow.pl\/index.php\/wp-json\/wp\/v2\/comments?post=271"}],"version-history":[{"count":20,"href":"https:\/\/zsps.krakow.pl\/index.php\/wp-json\/wp\/v2\/pages\/271\/revisions"}],"predecessor-version":[{"id":5635,"href":"https:\/\/zsps.krakow.pl\/index.php\/wp-json\/wp\/v2\/pages\/271\/revisions\/5635"}],"wp:attachment":[{"href":"https:\/\/zsps.krakow.pl\/index.php\/wp-json\/wp\/v2\/media?parent=271"}],"curies":[{"name":"wp","href":"https:\/\/api.w.org\/{rel}","templated":true}]}}