{"id":3042,"date":"2021-12-08T11:59:24","date_gmt":"2021-12-08T10:59:24","guid":{"rendered":"http:\/\/zsps.krakow.pl\/?page_id=3042"},"modified":"2026-01-07T10:26:42","modified_gmt":"2026-01-07T09:26:42","slug":"egzamin-zawodowy-2025","status":"publish","type":"page","link":"https:\/\/zsps.krakow.pl\/index.php\/egzamin-zawodowy-2025\/","title":{"rendered":"Egzamin zawodowy 2026"},"content":{"rendered":"<ul>\n<li>\n<h2><a href=\"https:\/\/zsps.krakow.pl\/wp-content\/uploads\/2025\/09\/komunikat-w-sprawie-harmonogramu-przeprowadzania-egzaminu-zawodowego-w-roku-szkolnym-2025-2026.pdf\" target=\"_blank\" rel=\"noopener\">KOMUNIKAT W SPRAWIE HARMONOGRAMU PRZEPROWADZANIA EGZAMINU ZAWODOWEGO\u00a0<strong>W ROKU SZKOLNYM 2025\/2026<\/strong><\/a><\/h2>\n<\/li>\n<li>\n<h2><a href=\"https:\/\/zsps.krakow.pl\/wp-content\/uploads\/2025\/09\/informacja-o-sposobie-organizacji-i-przeprowadzania-egzaminu-zawodowego-obowiazujaca-w-roku-szkolnym-2025-2026.pdf\" target=\"_blank\" rel=\"noopener\">INFORMACJA O SPOSOBIE ORGANIZACJI I PRZEPROWADZANIA EGZAMINU ZAWODOWEGO OBOWI\u0104ZUJ\u0104CA\u00a0<strong>W ROKU SZKOLNYM 2025\/2026<\/strong><\/a><\/h2>\n<\/li>\n<li>\n<h2><a href=\"https:\/\/zsps.krakow.pl\/wp-content\/uploads\/2025\/09\/komunikat-w-sprawie-zadan-jawnych-w-czesci-praktycznej-egzaminu-zawodowego-przeprowadzanego-w-roku-szkolnym-2025-2026.pdf\" target=\"_blank\" rel=\"noopener\">KOMUNIKAT W SPRAWIE ZADA\u0143 JAWNYCH W CZ\u0118\u015aCI PRAKTYCZNEJ EGZAMINU ZAWODOWEGO PRZEPROWADZANEGO\u00a0<strong>W ROKU SZKOLNYM 2025\/2026<\/strong><\/a><\/h2>\n<\/li>\n<li>\n<h2><a href=\"https:\/\/zsps.krakow.pl\/wp-content\/uploads\/2025\/09\/komunikat-w-sprawie-szczegolowych-sposobow-dostosowania-warunkow-i-form-przeprowadzania-egzaminu-zawodowego-w-roku-szkolnym-2025-2026.pdf\" target=\"_blank\" rel=\"noopener\">KOMUNIKAT W SPRAWIE SZCZEG\u00d3\u0141OWYCH SPOSOB\u00d3W DOSTOSOWANIA WARUNK\u00d3W I FORM PRZEPROWADZANIA EGZAMINU ZAWODOWEGO\u00a0<strong>W ROKU SZKOLNYM 2025\/2026<\/strong>\u00a0<\/a><\/h2>\n<\/li>\n<li>\n<h2><a href=\"https:\/\/zsps.krakow.pl\/wp-content\/uploads\/2025\/09\/komunikat-MEN-w-sprawie-wykazu-turniejow-i-olimpiad-tematycznych-uprawniajacych-do-zwolnienia-z-czesci-pisemnej-egzaminu-zawodowego-w-roku-szkolnym-2025-2026.pdf\" target=\"_blank\" rel=\"noopener\">KOMUNIKAT MEN W SPRAWIE WYKAZU TURNIEJ\u00d3W I OLIMPIAD TEMATYCZNYCH ZWI\u0104ZANYCH Z WYBRAN\u0104 DZIEDZIN\u0104 WIEDZY UPRAWNIAJ\u0104CYCH DO ZWOLNIENIA Z PRZYST\u0104PIENIA DO CZ\u0118\u015aCI PISEMNEJ EGZAMINU ZAWODOWEGO\u00a0<strong>W ROKU SZKOLNYM 2025\/2026<\/strong><\/a><\/h2>\n<\/li>\n<li>\n<h2><a href=\"https:\/\/zsps.krakow.pl\/wp-content\/uploads\/2026\/01\/komunikat-o-materialach-i-przyborach-pomocniczych-czesc-pisemna.pdf\" target=\"_blank\" rel=\"noopener\">KOMUNIKAT O MATERIA\u0141ACH I PRZYBORACH POMOCNICZYCH (CZ\u0118\u015a\u0106 PISEMNA)<\/a><\/h2>\n<\/li>\n<li>\n<h2><a href=\"https:\/\/zsps.krakow.pl\/wp-content\/uploads\/2026\/01\/komunikat-o-materialach-i-przyborach-pomocniczych-czesc-praktyczna.pdf\" target=\"_blank\" rel=\"noopener\">KOMUNIKAT O MATERIA\u0141ACH I PRZYBORACH POMOCNICZYCH (CZ\u0118\u015a\u0106 PRAKTYCZNA)<\/a><\/h2>\n<\/li>\n<li>\n<h2><a href=\"https:\/\/cke.gov.pl\/egzamin-zawodowy\/egzamin-zawodowy-formula-2019\/jawne-zadania-egzaminacyjne-czesc-praktyczna\/zadania-egzaminacyjne-ktore-beda-mogly-byc-wykorzystane-do-przeprowadzania-czesci-praktycznej-egzaminu-zawodowego\/#\" target=\"_blank\" rel=\"noopener\">ZADANIA EGZAMINACYJNE JAWNE \u2013 CZ\u0118\u015a\u0106 PRAKTYCZNA\u00a0<i>(FORMU\u0141A 2019)<\/i><\/a><\/h2>\n<\/li>\n<\/ul>\n<h1 style=\"text-align: center;\"><\/h1>\n","protected":false},"excerpt":{"rendered":"<p>KOMUNIKAT W SPRAWIE HARMONOGRAMU PRZEPROWADZANIA EGZAMINU ZAWODOWEGO\u00a0W ROKU SZKOLNYM 2025\/2026 INFORMACJA O SPOSOBIE ORGANIZACJI I PRZEPROWADZANIA EGZAMINU ZAWODOWEGO OBOWI\u0104ZUJ\u0104CA\u00a0W ROKU SZKOLNYM 2025\/2026 KOMUNIKAT W SPRAWIE ZADA\u0143 JAWNYCH W CZ\u0118\u015aCI PRAKTYCZNEJ EGZAMINU ZAWODOWEGO PRZEPROWADZANEGO\u00a0W ROKU SZKOLNYM 2025\/2026 KOMUNIKAT W SPRAWIE SZCZEG\u00d3\u0141OWYCH SPOSOB\u00d3W DOSTOSOWANIA WARUNK\u00d3W I FORM PRZEPROWADZANIA EGZAMINU ZAWODOWEGO\u00a0W ROKU SZKOLNYM 2025\/2026\u00a0 KOMUNIKAT MEN W SPRAWIE&hellip;<\/p>\n","protected":false},"author":2,"featured_media":0,"parent":0,"menu_order":0,"comment_status":"closed","ping_status":"closed","template":"","meta":{"footnotes":"","two_page_speed":[]},"jetpack_shortlink":"https:\/\/wp.me\/P9B38h-N4","_links":{"self":[{"href":"https:\/\/zsps.krakow.pl\/index.php\/wp-json\/wp\/v2\/pages\/3042"}],"collection":[{"href":"https:\/\/zsps.krakow.pl\/index.php\/wp-json\/wp\/v2\/pages"}],"about":[{"href":"https:\/\/zsps.krakow.pl\/index.php\/wp-json\/wp\/v2\/types\/page"}],"author":[{"embeddable":true,"href":"https:\/\/zsps.krakow.pl\/index.php\/wp-json\/wp\/v2\/users\/2"}],"replies":[{"embeddable":true,"href":"https:\/\/zsps.krakow.pl\/index.php\/wp-json\/wp\/v2\/comments?post=3042"}],"version-history":[{"count":13,"href":"https:\/\/zsps.krakow.pl\/index.php\/wp-json\/wp\/v2\/pages\/3042\/revisions"}],"predecessor-version":[{"id":6025,"href":"https:\/\/zsps.krakow.pl\/index.php\/wp-json\/wp\/v2\/pages\/3042\/revisions\/6025"}],"wp:attachment":[{"href":"https:\/\/zsps.krakow.pl\/index.php\/wp-json\/wp\/v2\/media?parent=3042"}],"curies":[{"name":"wp","href":"https:\/\/api.w.org\/{rel}","templated":true}]}}