{"id":321,"date":"2017-08-22T11:40:29","date_gmt":"2017-08-22T09:40:29","guid":{"rendered":"http:\/\/test.zsps.krakow.pl\/?page_id=321"},"modified":"2024-02-02T16:13:09","modified_gmt":"2024-02-02T15:13:09","slug":"kelner","status":"publish","type":"page","link":"https:\/\/zsps.krakow.pl\/index.php\/kelner\/","title":{"rendered":"Technik us\u0142ug kelnerskich"},"content":{"rendered":"<p><span style=\"color: #000000;\"><strong><a style=\"color: #000000;\" href=\"https:\/\/zsps.krakow.pl\/wp-content\/uploads\/2021\/03\/TUK-1.png\" rel=\"lightbox[321]\"><img decoding=\"async\" loading=\"lazy\" class=\"alignright wp-image-2652 size-medium\" src=\"https:\/\/zsps.krakow.pl\/wp-content\/uploads\/2021\/03\/TUK-1-212x300.png\" alt=\"\" width=\"212\" height=\"300\" srcset=\"https:\/\/zsps.krakow.pl\/wp-content\/uploads\/2021\/03\/TUK-1-212x300.png 212w, https:\/\/zsps.krakow.pl\/wp-content\/uploads\/2021\/03\/TUK-1-768x1086.png 768w, https:\/\/zsps.krakow.pl\/wp-content\/uploads\/2021\/03\/TUK-1-736x1041.png 736w, https:\/\/zsps.krakow.pl\/wp-content\/uploads\/2021\/03\/TUK-1.png 1654w\" sizes=\"(max-width: 212px) 100vw, 212px\" \/><\/a><\/strong><\/span><\/p>\n<h2><span style=\"color: #000000;\"><strong>Technik us\u0142ug kelnerskich<\/strong><\/span><\/h2>\n<p><span style=\"color: #000000;\"><strong>Do najwa\u017cniejszych zada\u0144 i obowi\u0105zk\u00f3w wykonywanych w zawodzie nale\u017c\u0105:<\/strong><\/span><\/p>\n<ul>\n<li><span style=\"color: #000000;\">kompleksowa obs\u0142ug\u0105 konsumenta,<\/span><\/li>\n<li><span style=\"color: #000000;\">prowadzenie dokumentacji sprzeda\u017cy i rozliczenia kelnerskie,<\/span><\/li>\n<li><span style=\"color: #000000;\">serwowanie potraw i napoj\u00f3w,<\/span><\/li>\n<li><span style=\"color: #000000;\">przygotowywanie sali konsumpcyjnej do obs\u0142ugi kelnerskiej,<\/span><\/li>\n<li><span style=\"color: #000000;\">nakrywanie sto\u0142u z uwzgl\u0119dnieniem pory dnia i sk\u0142adanego zam\u00f3wienia oraz z wykorzystaniem element\u00f3w dekoracyjnych (np. kompozycje kwiatowe),<\/span><\/li>\n<li><span style=\"color: #000000;\">udzielanie konsumentowi informacji dotycz\u0105cych jad\u0142ospis\u00f3w, przyjmowanie\u00a0 i rejestrowanie zam\u00f3wienia.<\/span><\/li>\n<\/ul>\n<p><span style=\"color: #000000;\"><strong>Mo\u017cliwo\u015b\u0107 zatrudnienia:<\/strong><\/span><\/p>\n<ul>\n<li><span style=\"color: #000000;\">hotele i pensjonaty turystyczne,<\/span><\/li>\n<li><span style=\"color: #000000;\">restauracje,<\/span><\/li>\n<li><span style=\"color: #000000;\">kawiarnie,<\/span><\/li>\n<li><span style=\"color: #000000;\">o\u015brodki wypoczynkowe,<\/span><\/li>\n<li><span style=\"color: #000000;\">zak\u0142ady uzdrowiskowe,<\/span><\/li>\n<li><span style=\"color: #000000;\">agroturystyka<\/span><\/li>\n<\/ul>\n<p><span style=\"color: #000000;\">Kierunek ten jest te\u017c bardzo dobrym przygotowaniem dla wszystkich, kt\u00f3rzy planuj\u0105 studia, zw\u0142aszcza na kierunkach zwi\u0105zanych z \u017cywieniem, dietetyk\u0105, zarz\u0105dzaniem, promocj\u0105 i innych pokrewnych.<\/span><\/p>\n<p><span style=\"color: #000000;\">Aby zapewni\u0107 Pa\u0144stwa o bie\u017c\u0105cej sytuacji na rynku pracy dla kelner\u00f3w, zapraszamy do \u015bledzenia prognoz zapotrzebowania na pracownik\u00f3w:<\/span><\/p>\n<p><span style=\"color: #0000ff;\"><a style=\"color: #0000ff;\" href=\"https:\/\/barometrzawodow.pl.\/modul\/prognozy-na-mapach-wyniki?map_type=province&amp;map_details=counties&amp;province%5B%5D=6&amp;profession%5B%5D=99&amp;year%5B%5D=2024&amp;relation=1\"><strong>Barometr zawod\u00f3w &#8211; Technik us\u0142ug kelnerskich<\/strong><\/a><\/span><\/p>\n<p><img decoding=\"async\" loading=\"lazy\" class=\"aligncenter wp-image-2652 size-full\" src=\"https:\/\/zsps.krakow.pl\/wp-content\/uploads\/2021\/03\/TUK-1.png\" alt=\"\" width=\"1654\" height=\"2339\" srcset=\"https:\/\/zsps.krakow.pl\/wp-content\/uploads\/2021\/03\/TUK-1.png 1654w, https:\/\/zsps.krakow.pl\/wp-content\/uploads\/2021\/03\/TUK-1-212x300.png 212w, https:\/\/zsps.krakow.pl\/wp-content\/uploads\/2021\/03\/TUK-1-768x1086.png 768w, https:\/\/zsps.krakow.pl\/wp-content\/uploads\/2021\/03\/TUK-1-736x1041.png 736w\" sizes=\"(max-width: 1654px) 100vw, 1654px\" \/><\/p>\n","protected":false},"excerpt":{"rendered":"<p>Technik us\u0142ug kelnerskich Do najwa\u017cniejszych zada\u0144 i obowi\u0105zk\u00f3w wykonywanych w zawodzie nale\u017c\u0105: kompleksowa obs\u0142ug\u0105 konsumenta, prowadzenie dokumentacji sprzeda\u017cy i rozliczenia kelnerskie, serwowanie potraw i napoj\u00f3w, przygotowywanie sali konsumpcyjnej do obs\u0142ugi kelnerskiej, nakrywanie sto\u0142u z uwzgl\u0119dnieniem pory dnia i sk\u0142adanego zam\u00f3wienia oraz z wykorzystaniem element\u00f3w dekoracyjnych (np. kompozycje kwiatowe), udzielanie konsumentowi informacji dotycz\u0105cych jad\u0142ospis\u00f3w, przyjmowanie\u00a0 i&hellip;<\/p>\n","protected":false},"author":2,"featured_media":0,"parent":0,"menu_order":0,"comment_status":"closed","ping_status":"closed","template":"","meta":{"footnotes":"","two_page_speed":[]},"jetpack_shortlink":"https:\/\/wp.me\/P9B38h-5b","_links":{"self":[{"href":"https:\/\/zsps.krakow.pl\/index.php\/wp-json\/wp\/v2\/pages\/321"}],"collection":[{"href":"https:\/\/zsps.krakow.pl\/index.php\/wp-json\/wp\/v2\/pages"}],"about":[{"href":"https:\/\/zsps.krakow.pl\/index.php\/wp-json\/wp\/v2\/types\/page"}],"author":[{"embeddable":true,"href":"https:\/\/zsps.krakow.pl\/index.php\/wp-json\/wp\/v2\/users\/2"}],"replies":[{"embeddable":true,"href":"https:\/\/zsps.krakow.pl\/index.php\/wp-json\/wp\/v2\/comments?post=321"}],"version-history":[{"count":6,"href":"https:\/\/zsps.krakow.pl\/index.php\/wp-json\/wp\/v2\/pages\/321\/revisions"}],"predecessor-version":[{"id":4221,"href":"https:\/\/zsps.krakow.pl\/index.php\/wp-json\/wp\/v2\/pages\/321\/revisions\/4221"}],"wp:attachment":[{"href":"https:\/\/zsps.krakow.pl\/index.php\/wp-json\/wp\/v2\/media?parent=321"}],"curies":[{"name":"wp","href":"https:\/\/api.w.org\/{rel}","templated":true}]}}