{"id":335,"date":"2017-08-22T12:53:21","date_gmt":"2017-08-22T10:53:21","guid":{"rendered":"http:\/\/test.zsps.krakow.pl\/?page_id=335"},"modified":"2017-12-05T09:01:39","modified_gmt":"2017-12-05T08:01:39","slug":"sekretariat-glowny","status":"publish","type":"page","link":"https:\/\/zsps.krakow.pl\/index.php\/sekretariat-glowny\/","title":{"rendered":"Sekretariat g\u0142\u00f3wny"},"content":{"rendered":"<h3 style=\"text-align: center;\"><strong>SEKRETARIAT G\u0141\u00d3WNY<\/strong><\/h3>\n<p style=\"text-align: center;\">czynny:<\/p>\n<p style=\"text-align: center;\">Poniedzia\u0142ek \u2013 Pi\u0105tek<\/p>\n<p style=\"text-align: center;\">w godzinach 7:30 -15:30<\/p>\n<p style=\"text-align: center;\">Telefon:\u00a0<a href=\"callto:+48124223866\">+48 (12) 4223866<\/a><\/p>\n<p style=\"text-align: center;\">Faks:\u00a012 422-31-58<\/p>\n<p style=\"text-align: center;\">Email:\u00a0<a href=\"mailto:sekretariat.szkoly@zsps.krakow.pl\">sekretariat.szkoly@zsps.krakow.pl<\/a><\/p>\n","protected":false},"excerpt":{"rendered":"<p>SEKRETARIAT G\u0141\u00d3WNY czynny: Poniedzia\u0142ek \u2013 Pi\u0105tek w godzinach 7:30 -15:30 Telefon:\u00a0+48 (12) 4223866 Faks:\u00a012 422-31-58 Email:\u00a0sekretariat.szkoly@zsps.krakow.pl<\/p>\n","protected":false},"author":2,"featured_media":0,"parent":0,"menu_order":0,"comment_status":"closed","ping_status":"closed","template":"","meta":{"footnotes":"","two_page_speed":[]},"jetpack_shortlink":"https:\/\/wp.me\/P9B38h-5p","_links":{"self":[{"href":"https:\/\/zsps.krakow.pl\/index.php\/wp-json\/wp\/v2\/pages\/335"}],"collection":[{"href":"https:\/\/zsps.krakow.pl\/index.php\/wp-json\/wp\/v2\/pages"}],"about":[{"href":"https:\/\/zsps.krakow.pl\/index.php\/wp-json\/wp\/v2\/types\/page"}],"author":[{"embeddable":true,"href":"https:\/\/zsps.krakow.pl\/index.php\/wp-json\/wp\/v2\/users\/2"}],"replies":[{"embeddable":true,"href":"https:\/\/zsps.krakow.pl\/index.php\/wp-json\/wp\/v2\/comments?post=335"}],"version-history":[{"count":2,"href":"https:\/\/zsps.krakow.pl\/index.php\/wp-json\/wp\/v2\/pages\/335\/revisions"}],"predecessor-version":[{"id":813,"href":"https:\/\/zsps.krakow.pl\/index.php\/wp-json\/wp\/v2\/pages\/335\/revisions\/813"}],"wp:attachment":[{"href":"https:\/\/zsps.krakow.pl\/index.php\/wp-json\/wp\/v2\/media?parent=335"}],"curies":[{"name":"wp","href":"https:\/\/api.w.org\/{rel}","templated":true}]}}