{"id":345,"date":"2017-08-22T13:18:01","date_gmt":"2017-08-22T11:18:01","guid":{"rendered":"http:\/\/test.zsps.krakow.pl\/?page_id=345"},"modified":"2024-03-28T07:13:23","modified_gmt":"2024-03-28T06:13:23","slug":"cukiernik","status":"publish","type":"page","link":"https:\/\/zsps.krakow.pl\/index.php\/cukiernik\/","title":{"rendered":"Cukiernik"},"content":{"rendered":"<p><span style=\"color: #000000;\"><strong><a style=\"color: #000000;\" href=\"https:\/\/zsps.krakow.pl\/wp-content\/uploads\/2021\/03\/CUKIERNIK-1.png\" rel=\"lightbox[345]\"><img decoding=\"async\" loading=\"lazy\" class=\"alignright wp-image-2656 size-medium\" src=\"https:\/\/zsps.krakow.pl\/wp-content\/uploads\/2021\/03\/CUKIERNIK-1-212x300.png\" alt=\"\" width=\"212\" height=\"300\" srcset=\"https:\/\/zsps.krakow.pl\/wp-content\/uploads\/2021\/03\/CUKIERNIK-1-212x300.png 212w, https:\/\/zsps.krakow.pl\/wp-content\/uploads\/2021\/03\/CUKIERNIK-1-768x1086.png 768w, https:\/\/zsps.krakow.pl\/wp-content\/uploads\/2021\/03\/CUKIERNIK-1-736x1041.png 736w, https:\/\/zsps.krakow.pl\/wp-content\/uploads\/2021\/03\/CUKIERNIK-1.png 1654w\" sizes=\"(max-width: 212px) 100vw, 212px\" \/><\/a><\/strong><\/span><\/p>\n<h2><span style=\"color: #000000;\"><strong>Cukiernik<\/strong><\/span><\/h2>\n<p><span style=\"color: #000000;\"><strong>Do najwa\u017cniejszych zada\u0144 i obowi\u0105zk\u00f3w wykonywanych w zawodzie nale\u017c\u0105:<\/strong><\/span><\/p>\n<ul>\n<li><span style=\"color: #000000;\">wytwarzanie wyrob\u00f3w cukierniczych (ciast, tort\u00f3w, wyrob\u00f3w czekoladowych, lod\u00f3w, cukierk\u00f3w, pieczywa cukierniczego, cha\u0142wy, sezamk\u00f3w),<\/span><\/li>\n<li><span style=\"color: #000000;\">projektowanie i wykonywanie dekoracji wyrob\u00f3w cukierniczych,<\/span><\/li>\n<li><span style=\"color: #000000;\">obs\u0142ugiwanie maszyn stosowanych w produkcji wyrob\u00f3w cukierniczych.<\/span><\/li>\n<\/ul>\n<p><span style=\"color: #000000;\"><strong>Mo\u017cliwo\u015b\u0107 zatrudnienia:<\/strong><\/span><\/p>\n<ul>\n<li><span style=\"color: #000000;\">zak\u0142ady przetw\u00f3rstwa spo\u017cywczego produkuj\u0105ce wyroby cukiernicze i ciastkarskie,<\/span><\/li>\n<li><span style=\"color: #000000;\">prywatne ciastkarnie, cukiernie<\/span><\/li>\n<li><span style=\"color: #000000;\">restauracje,<\/span><\/li>\n<li><span style=\"color: #000000;\">hotele,<\/span><\/li>\n<li><span style=\"color: #000000;\">w\u0142asna dzia\u0142alno\u015b\u0107.<\/span><\/li>\n<\/ul>\n<p><span style=\"color: #000000;\">Aby zapewni\u0107 Pa\u0144stwa o bie\u017c\u0105cej sytuacji na rynku pracy dla cukiernik\u00f3w, zapraszamy do \u015bledzenia prognoz zapotrzebowania na pracownik\u00f3w:<\/span><\/p>\n<p><span style=\"color: #0000ff;\"><strong><a style=\"color: #0000ff;\" href=\"https:\/\/barometrzawodow.pl.\/modul\/prognozy-na-mapach-wyniki?map_type=province&amp;map_details=counties&amp;province%5B%5D=6&amp;profession%5B%5D=141&amp;year%5B%5D=2024&amp;relation=1\">Barometr zawod\u00f3w &#8211; Cukiernik<\/a><\/strong><\/span><\/p>\n<p><img decoding=\"async\" loading=\"lazy\" class=\"aligncenter wp-image-2656 size-full\" src=\"https:\/\/zsps.krakow.pl\/wp-content\/uploads\/2021\/03\/CUKIERNIK-1.png\" alt=\"\" width=\"1654\" height=\"2339\" srcset=\"https:\/\/zsps.krakow.pl\/wp-content\/uploads\/2021\/03\/CUKIERNIK-1.png 1654w, https:\/\/zsps.krakow.pl\/wp-content\/uploads\/2021\/03\/CUKIERNIK-1-212x300.png 212w, https:\/\/zsps.krakow.pl\/wp-content\/uploads\/2021\/03\/CUKIERNIK-1-768x1086.png 768w, https:\/\/zsps.krakow.pl\/wp-content\/uploads\/2021\/03\/CUKIERNIK-1-736x1041.png 736w\" sizes=\"(max-width: 1654px) 100vw, 1654px\" \/><\/p>\n<p><img decoding=\"async\" loading=\"lazy\" class=\"aligncenter wp-image-4311 size-full\" src=\"https:\/\/zsps.krakow.pl\/wp-content\/uploads\/2024\/03\/mlodociany-pracownik.png\" alt=\"\" width=\"1654\" height=\"2339\" srcset=\"https:\/\/zsps.krakow.pl\/wp-content\/uploads\/2024\/03\/mlodociany-pracownik.png 1654w, https:\/\/zsps.krakow.pl\/wp-content\/uploads\/2024\/03\/mlodociany-pracownik-212x300.png 212w, https:\/\/zsps.krakow.pl\/wp-content\/uploads\/2024\/03\/mlodociany-pracownik-736x1041.png 736w, https:\/\/zsps.krakow.pl\/wp-content\/uploads\/2024\/03\/mlodociany-pracownik-768x1086.png 768w, https:\/\/zsps.krakow.pl\/wp-content\/uploads\/2024\/03\/mlodociany-pracownik-1086x1536.png 1086w, https:\/\/zsps.krakow.pl\/wp-content\/uploads\/2024\/03\/mlodociany-pracownik-1448x2048.png 1448w\" sizes=\"(max-width: 1654px) 100vw, 1654px\" \/><\/p>\n","protected":false},"excerpt":{"rendered":"<p>Cukiernik Do najwa\u017cniejszych zada\u0144 i obowi\u0105zk\u00f3w wykonywanych w zawodzie nale\u017c\u0105: wytwarzanie wyrob\u00f3w cukierniczych (ciast, tort\u00f3w, wyrob\u00f3w czekoladowych, lod\u00f3w, cukierk\u00f3w, pieczywa cukierniczego, cha\u0142wy, sezamk\u00f3w), projektowanie i wykonywanie dekoracji wyrob\u00f3w cukierniczych, obs\u0142ugiwanie maszyn stosowanych w produkcji wyrob\u00f3w cukierniczych. Mo\u017cliwo\u015b\u0107 zatrudnienia: zak\u0142ady przetw\u00f3rstwa spo\u017cywczego produkuj\u0105ce wyroby cukiernicze i ciastkarskie, prywatne ciastkarnie, cukiernie restauracje, hotele, w\u0142asna dzia\u0142alno\u015b\u0107. Aby zapewni\u0107&hellip;<\/p>\n","protected":false},"author":2,"featured_media":0,"parent":0,"menu_order":0,"comment_status":"closed","ping_status":"closed","template":"","meta":{"footnotes":"","two_page_speed":[]},"jetpack_shortlink":"https:\/\/wp.me\/P9B38h-5z","_links":{"self":[{"href":"https:\/\/zsps.krakow.pl\/index.php\/wp-json\/wp\/v2\/pages\/345"}],"collection":[{"href":"https:\/\/zsps.krakow.pl\/index.php\/wp-json\/wp\/v2\/pages"}],"about":[{"href":"https:\/\/zsps.krakow.pl\/index.php\/wp-json\/wp\/v2\/types\/page"}],"author":[{"embeddable":true,"href":"https:\/\/zsps.krakow.pl\/index.php\/wp-json\/wp\/v2\/users\/2"}],"replies":[{"embeddable":true,"href":"https:\/\/zsps.krakow.pl\/index.php\/wp-json\/wp\/v2\/comments?post=345"}],"version-history":[{"count":7,"href":"https:\/\/zsps.krakow.pl\/index.php\/wp-json\/wp\/v2\/pages\/345\/revisions"}],"predecessor-version":[{"id":4313,"href":"https:\/\/zsps.krakow.pl\/index.php\/wp-json\/wp\/v2\/pages\/345\/revisions\/4313"}],"wp:attachment":[{"href":"https:\/\/zsps.krakow.pl\/index.php\/wp-json\/wp\/v2\/media?parent=345"}],"curies":[{"name":"wp","href":"https:\/\/api.w.org\/{rel}","templated":true}]}}