{"id":348,"date":"2017-08-22T20:20:43","date_gmt":"2017-08-22T18:20:43","guid":{"rendered":"http:\/\/test.zsps.krakow.pl\/?page_id=348"},"modified":"2024-03-28T07:19:38","modified_gmt":"2024-03-28T06:19:38","slug":"piekarz","status":"publish","type":"page","link":"https:\/\/zsps.krakow.pl\/index.php\/piekarz\/","title":{"rendered":"Piekarz"},"content":{"rendered":"<p><span style=\"color: #000000;\"><strong><a style=\"color: #000000;\" href=\"https:\/\/zsps.krakow.pl\/wp-content\/uploads\/2021\/03\/PIEKARZ-1.png\" rel=\"lightbox[348]\"><img decoding=\"async\" loading=\"lazy\" class=\"alignright wp-image-2661 size-medium\" src=\"https:\/\/zsps.krakow.pl\/wp-content\/uploads\/2021\/03\/PIEKARZ-1-212x300.png\" alt=\"\" width=\"212\" height=\"300\" srcset=\"https:\/\/zsps.krakow.pl\/wp-content\/uploads\/2021\/03\/PIEKARZ-1-212x300.png 212w, https:\/\/zsps.krakow.pl\/wp-content\/uploads\/2021\/03\/PIEKARZ-1-768x1086.png 768w, https:\/\/zsps.krakow.pl\/wp-content\/uploads\/2021\/03\/PIEKARZ-1-736x1041.png 736w, https:\/\/zsps.krakow.pl\/wp-content\/uploads\/2021\/03\/PIEKARZ-1.png 1654w\" sizes=\"(max-width: 212px) 100vw, 212px\" \/><\/a><\/strong><\/span><\/p>\n<h2><span style=\"color: #000000;\"><strong>Piekarz<\/strong><\/span><\/h2>\n<p><span style=\"color: #000000;\"><strong>Do najwa\u017cniejszych zada\u0144 i obowi\u0105zk\u00f3w wykonywanych w zawodzie nale\u017c\u0105:<\/strong><\/span><\/p>\n<ul>\n<li><span style=\"color: #000000;\">przygotowywanie surowc\u00f3w do produkcji wyrob\u00f3w piekarskich;<\/span><\/li>\n<li><span style=\"color: #000000;\">sporz\u0105dzanie p\u00f3\u0142produkt\u00f3w piekarskich;<\/span><\/li>\n<li><span style=\"color: #000000;\">dzielenie ciasta i kszta\u0142towanie k\u0119s\u00f3w na wyroby piekarskie;<\/span><\/li>\n<li><span style=\"color: #000000;\">przeprowadzanie rozrostu oraz wypieku pieczywa;<\/span><\/li>\n<li><span style=\"color: #000000;\">obs\u0142ugiwanie maszyn i urz\u0105dze\u0144 stosowanych w produkcji wyrob\u00f3w piekarskich.<\/span><\/li>\n<\/ul>\n<p><span style=\"color: #000000;\"><strong>Mo\u017cliwo\u015b\u0107 zatrudnienia:<\/strong><\/span><\/p>\n<ul>\n<li><span style=\"color: #000000;\">rzemie\u015blnicze i przemys\u0142owe zak\u0142ady piekarskie,<\/span><\/li>\n<li><span style=\"color: #000000;\">cukiernie,<\/span><\/li>\n<li><span style=\"color: #000000;\">zak\u0142ady gastronomiczne<\/span><\/li>\n<li><span style=\"color: #000000;\">punkty sprzeda\u017cy pieczywa,<\/span><\/li>\n<li><span style=\"color: #000000;\">w\u0142asna dzia\u0142alno\u015b\u0107.<\/span><\/li>\n<\/ul>\n<p><span style=\"color: #000000;\">Aby zapewni\u0107 Pa\u0144stwa o bie\u017c\u0105cej sytuacji na rynku pracy dla piekarzy, zapraszamy do \u015bledzenia prognoz zapotrzebowania na pracownik\u00f3w:<\/span><\/p>\n<p><span style=\"color: #0000ff;\"><strong><a style=\"color: #0000ff;\" href=\"https:\/\/barometrzawodow.pl.\/modul\/prognozy-na-mapach-wyniki?map_type=province&amp;map_details=counties&amp;province%5B%5D=6&amp;profession%5B%5D=140&amp;year%5B%5D=2024&amp;relation=1\">Barometr zawod\u00f3w &#8211; Piekarz<\/a><\/strong><\/span><\/p>\n<p><img decoding=\"async\" loading=\"lazy\" class=\"aligncenter wp-image-2661 size-full\" src=\"https:\/\/zsps.krakow.pl\/wp-content\/uploads\/2021\/03\/PIEKARZ-1.png\" alt=\"\" width=\"1654\" height=\"2339\" srcset=\"https:\/\/zsps.krakow.pl\/wp-content\/uploads\/2021\/03\/PIEKARZ-1.png 1654w, https:\/\/zsps.krakow.pl\/wp-content\/uploads\/2021\/03\/PIEKARZ-1-212x300.png 212w, https:\/\/zsps.krakow.pl\/wp-content\/uploads\/2021\/03\/PIEKARZ-1-768x1086.png 768w, https:\/\/zsps.krakow.pl\/wp-content\/uploads\/2021\/03\/PIEKARZ-1-736x1041.png 736w\" sizes=\"(max-width: 1654px) 100vw, 1654px\" \/><\/p>\n<p><img decoding=\"async\" loading=\"lazy\" class=\"aligncenter wp-image-4311 size-full\" src=\"https:\/\/zsps.krakow.pl\/wp-content\/uploads\/2024\/03\/mlodociany-pracownik.png\" alt=\"\" width=\"1654\" height=\"2339\" srcset=\"https:\/\/zsps.krakow.pl\/wp-content\/uploads\/2024\/03\/mlodociany-pracownik.png 1654w, https:\/\/zsps.krakow.pl\/wp-content\/uploads\/2024\/03\/mlodociany-pracownik-212x300.png 212w, https:\/\/zsps.krakow.pl\/wp-content\/uploads\/2024\/03\/mlodociany-pracownik-736x1041.png 736w, https:\/\/zsps.krakow.pl\/wp-content\/uploads\/2024\/03\/mlodociany-pracownik-768x1086.png 768w, https:\/\/zsps.krakow.pl\/wp-content\/uploads\/2024\/03\/mlodociany-pracownik-1086x1536.png 1086w, https:\/\/zsps.krakow.pl\/wp-content\/uploads\/2024\/03\/mlodociany-pracownik-1448x2048.png 1448w\" sizes=\"(max-width: 1654px) 100vw, 1654px\" \/><\/p>\n","protected":false},"excerpt":{"rendered":"<p>Piekarz Do najwa\u017cniejszych zada\u0144 i obowi\u0105zk\u00f3w wykonywanych w zawodzie nale\u017c\u0105: przygotowywanie surowc\u00f3w do produkcji wyrob\u00f3w piekarskich; sporz\u0105dzanie p\u00f3\u0142produkt\u00f3w piekarskich; dzielenie ciasta i kszta\u0142towanie k\u0119s\u00f3w na wyroby piekarskie; przeprowadzanie rozrostu oraz wypieku pieczywa; obs\u0142ugiwanie maszyn i urz\u0105dze\u0144 stosowanych w produkcji wyrob\u00f3w piekarskich. Mo\u017cliwo\u015b\u0107 zatrudnienia: rzemie\u015blnicze i przemys\u0142owe zak\u0142ady piekarskie, cukiernie, zak\u0142ady gastronomiczne punkty sprzeda\u017cy pieczywa, w\u0142asna&hellip;<\/p>\n","protected":false},"author":2,"featured_media":0,"parent":0,"menu_order":0,"comment_status":"closed","ping_status":"closed","template":"","meta":{"footnotes":"","two_page_speed":[]},"jetpack_shortlink":"https:\/\/wp.me\/P9B38h-5C","_links":{"self":[{"href":"https:\/\/zsps.krakow.pl\/index.php\/wp-json\/wp\/v2\/pages\/348"}],"collection":[{"href":"https:\/\/zsps.krakow.pl\/index.php\/wp-json\/wp\/v2\/pages"}],"about":[{"href":"https:\/\/zsps.krakow.pl\/index.php\/wp-json\/wp\/v2\/types\/page"}],"author":[{"embeddable":true,"href":"https:\/\/zsps.krakow.pl\/index.php\/wp-json\/wp\/v2\/users\/2"}],"replies":[{"embeddable":true,"href":"https:\/\/zsps.krakow.pl\/index.php\/wp-json\/wp\/v2\/comments?post=348"}],"version-history":[{"count":6,"href":"https:\/\/zsps.krakow.pl\/index.php\/wp-json\/wp\/v2\/pages\/348\/revisions"}],"predecessor-version":[{"id":4315,"href":"https:\/\/zsps.krakow.pl\/index.php\/wp-json\/wp\/v2\/pages\/348\/revisions\/4315"}],"wp:attachment":[{"href":"https:\/\/zsps.krakow.pl\/index.php\/wp-json\/wp\/v2\/media?parent=348"}],"curies":[{"name":"wp","href":"https:\/\/api.w.org\/{rel}","templated":true}]}}