{"id":351,"date":"2017-08-22T20:28:48","date_gmt":"2017-08-22T18:28:48","guid":{"rendered":"http:\/\/test.zsps.krakow.pl\/?page_id=351"},"modified":"2024-03-28T07:20:28","modified_gmt":"2024-03-28T06:20:28","slug":"wedliniarz","status":"publish","type":"page","link":"https:\/\/zsps.krakow.pl\/index.php\/wedliniarz\/","title":{"rendered":"Przetw\u00f3rca mi\u0119sa"},"content":{"rendered":"<p><span style=\"color: #000000;\"><a style=\"color: #000000;\" href=\"https:\/\/zsps.krakow.pl\/wp-content\/uploads\/2021\/03\/PRZETW\u00d3RCA-MI\u0118SA-1.png\" rel=\"lightbox[351]\"><img decoding=\"async\" loading=\"lazy\" class=\"alignright wp-image-2664 size-medium\" src=\"https:\/\/zsps.krakow.pl\/wp-content\/uploads\/2021\/03\/PRZETW\u00d3RCA-MI\u0118SA-1-212x300.png\" alt=\"\" width=\"212\" height=\"300\" srcset=\"https:\/\/zsps.krakow.pl\/wp-content\/uploads\/2021\/03\/PRZETW\u00d3RCA-MI\u0118SA-1-212x300.png 212w, https:\/\/zsps.krakow.pl\/wp-content\/uploads\/2021\/03\/PRZETW\u00d3RCA-MI\u0118SA-1-768x1086.png 768w, https:\/\/zsps.krakow.pl\/wp-content\/uploads\/2021\/03\/PRZETW\u00d3RCA-MI\u0118SA-1-736x1041.png 736w, https:\/\/zsps.krakow.pl\/wp-content\/uploads\/2021\/03\/PRZETW\u00d3RCA-MI\u0118SA-1.png 1654w\" sizes=\"(max-width: 212px) 100vw, 212px\" \/><\/a><\/span><\/p>\n<h2><span style=\"color: #000000;\"><strong>Przetw\u00f3rca mi\u0119sa<\/strong><\/span><\/h2>\n<p><span style=\"color: #000000;\">Absolwent tego kierunku posiada wiedz\u0119 z technologii produkcji kie\u0142bas, w\u0119dlin i produkt\u00f3w blokowych z zachowaniem zasad bezpiecze\u0144stwa zdrowotnego \u017cywno\u015bci.<\/span><\/p>\n<p><span style=\"color: #000000;\"><strong>Do najwa\u017cniejszych zada\u0144 i obowi\u0105zk\u00f3w wykonywanych w zawodzie nale\u017c\u0105:<\/strong><\/span><\/p>\n<ul>\n<li><span style=\"color: #000000;\">dostarczanie na rynek mi\u0119sa i przetwor\u00f3w mi\u0119snych dobrej jako\u015bci o wysokich walorach zdrowotnych zaspokajaj\u0105cych wymagania ka\u017cdego konsumenta,<\/span><\/li>\n<li><span style=\"color: #000000;\">dba\u0142o\u015b\u0107 o surowce najwy\u017cszej jako\u015bci, odpowiednie ich przechowywanie i przygotowanie do przetwarzania.<\/span><\/li>\n<li><span style=\"color: #000000;\">obs\u0142ugiwanie maszyn i urz\u0105dze\u0144 stosowanych w produkcji wyrob\u00f3w w\u0119dliniarskich.<\/span><\/li>\n<\/ul>\n<p><span style=\"color: #000000;\"><strong>Mo\u017cliwo\u015b\u0107 zatrudnienia:<\/strong><\/span><\/p>\n<ul>\n<li><span style=\"color: #000000;\">masarnie prywatne i pa\u0144stwowe,<\/span><\/li>\n<li><span style=\"color: #000000;\">zak\u0142ady przetw\u00f3rstwa mi\u0119snego,<\/span><\/li>\n<li><span style=\"color: #000000;\">sieci sklep\u00f3w,<\/span><\/li>\n<li><span style=\"color: #000000;\">zak\u0142ady ubojowe, rze\u017anie,\u00a0itp.<\/span><\/li>\n<\/ul>\n<p><span style=\"color: #000000;\">Aby zapewni\u0107 Pa\u0144stwa o bie\u017c\u0105cej sytuacji na rynku pracy dla przetw\u00f3rc\u00f3w mi\u0119sa, zapraszamy do \u015bledzenia prognoz zapotrzebowania na pracownik\u00f3w:<\/span><\/p>\n<p><span style=\"color: #0000ff;\"><strong><a style=\"color: #0000ff;\" href=\"https:\/\/barometrzawodow.pl.\/modul\/prognozy-na-mapach-wyniki?map_type=province&amp;map_details=counties&amp;province%5B%5D=6&amp;profession%5B%5D=254&amp;year%5B%5D=2024&amp;relation=1\">Barometr zawod\u00f3w &#8211; Przetw\u00f3rca mi\u0119sa<\/a><\/strong><\/span><\/p>\n<p><img decoding=\"async\" loading=\"lazy\" class=\"aligncenter wp-image-2664 size-full\" src=\"https:\/\/zsps.krakow.pl\/wp-content\/uploads\/2021\/03\/PRZETW\u00d3RCA-MI\u0118SA-1.png\" alt=\"\" width=\"1654\" height=\"2339\" srcset=\"https:\/\/zsps.krakow.pl\/wp-content\/uploads\/2021\/03\/PRZETW\u00d3RCA-MI\u0118SA-1.png 1654w, https:\/\/zsps.krakow.pl\/wp-content\/uploads\/2021\/03\/PRZETW\u00d3RCA-MI\u0118SA-1-212x300.png 212w, https:\/\/zsps.krakow.pl\/wp-content\/uploads\/2021\/03\/PRZETW\u00d3RCA-MI\u0118SA-1-768x1086.png 768w, https:\/\/zsps.krakow.pl\/wp-content\/uploads\/2021\/03\/PRZETW\u00d3RCA-MI\u0118SA-1-736x1041.png 736w\" sizes=\"(max-width: 1654px) 100vw, 1654px\" \/><\/p>\n<p><img decoding=\"async\" loading=\"lazy\" class=\"aligncenter wp-image-4311 size-full\" src=\"https:\/\/zsps.krakow.pl\/wp-content\/uploads\/2024\/03\/mlodociany-pracownik.png\" alt=\"\" width=\"1654\" height=\"2339\" srcset=\"https:\/\/zsps.krakow.pl\/wp-content\/uploads\/2024\/03\/mlodociany-pracownik.png 1654w, https:\/\/zsps.krakow.pl\/wp-content\/uploads\/2024\/03\/mlodociany-pracownik-212x300.png 212w, https:\/\/zsps.krakow.pl\/wp-content\/uploads\/2024\/03\/mlodociany-pracownik-736x1041.png 736w, https:\/\/zsps.krakow.pl\/wp-content\/uploads\/2024\/03\/mlodociany-pracownik-768x1086.png 768w, https:\/\/zsps.krakow.pl\/wp-content\/uploads\/2024\/03\/mlodociany-pracownik-1086x1536.png 1086w, https:\/\/zsps.krakow.pl\/wp-content\/uploads\/2024\/03\/mlodociany-pracownik-1448x2048.png 1448w\" sizes=\"(max-width: 1654px) 100vw, 1654px\" \/><\/p>\n","protected":false},"excerpt":{"rendered":"<p>Przetw\u00f3rca mi\u0119sa Absolwent tego kierunku posiada wiedz\u0119 z technologii produkcji kie\u0142bas, w\u0119dlin i produkt\u00f3w blokowych z zachowaniem zasad bezpiecze\u0144stwa zdrowotnego \u017cywno\u015bci. Do najwa\u017cniejszych zada\u0144 i obowi\u0105zk\u00f3w wykonywanych w zawodzie nale\u017c\u0105: dostarczanie na rynek mi\u0119sa i przetwor\u00f3w mi\u0119snych dobrej jako\u015bci o wysokich walorach zdrowotnych zaspokajaj\u0105cych wymagania ka\u017cdego konsumenta, dba\u0142o\u015b\u0107 o surowce najwy\u017cszej jako\u015bci, odpowiednie ich przechowywanie&hellip;<\/p>\n","protected":false},"author":2,"featured_media":0,"parent":0,"menu_order":0,"comment_status":"closed","ping_status":"closed","template":"","meta":{"footnotes":"","two_page_speed":[]},"jetpack_shortlink":"https:\/\/wp.me\/P9B38h-5F","_links":{"self":[{"href":"https:\/\/zsps.krakow.pl\/index.php\/wp-json\/wp\/v2\/pages\/351"}],"collection":[{"href":"https:\/\/zsps.krakow.pl\/index.php\/wp-json\/wp\/v2\/pages"}],"about":[{"href":"https:\/\/zsps.krakow.pl\/index.php\/wp-json\/wp\/v2\/types\/page"}],"author":[{"embeddable":true,"href":"https:\/\/zsps.krakow.pl\/index.php\/wp-json\/wp\/v2\/users\/2"}],"replies":[{"embeddable":true,"href":"https:\/\/zsps.krakow.pl\/index.php\/wp-json\/wp\/v2\/comments?post=351"}],"version-history":[{"count":7,"href":"https:\/\/zsps.krakow.pl\/index.php\/wp-json\/wp\/v2\/pages\/351\/revisions"}],"predecessor-version":[{"id":4316,"href":"https:\/\/zsps.krakow.pl\/index.php\/wp-json\/wp\/v2\/pages\/351\/revisions\/4316"}],"wp:attachment":[{"href":"https:\/\/zsps.krakow.pl\/index.php\/wp-json\/wp\/v2\/media?parent=351"}],"curies":[{"name":"wp","href":"https:\/\/api.w.org\/{rel}","templated":true}]}}