{"id":354,"date":"2017-08-22T20:35:24","date_gmt":"2017-08-22T18:35:24","guid":{"rendered":"http:\/\/test.zsps.krakow.pl\/?page_id=354"},"modified":"2024-03-28T07:14:38","modified_gmt":"2024-03-28T06:14:38","slug":"354-2","status":"publish","type":"page","link":"https:\/\/zsps.krakow.pl\/index.php\/354-2\/","title":{"rendered":"Kucharz"},"content":{"rendered":"<p><strong><a href=\"https:\/\/zsps.krakow.pl\/wp-content\/uploads\/2021\/03\/KUCHARZ-1.png\" rel=\"lightbox[354]\"><img decoding=\"async\" loading=\"lazy\" class=\"alignright wp-image-2658 size-medium\" src=\"https:\/\/zsps.krakow.pl\/wp-content\/uploads\/2021\/03\/KUCHARZ-1-212x300.png\" alt=\"\" width=\"212\" height=\"300\" srcset=\"https:\/\/zsps.krakow.pl\/wp-content\/uploads\/2021\/03\/KUCHARZ-1-212x300.png 212w, https:\/\/zsps.krakow.pl\/wp-content\/uploads\/2021\/03\/KUCHARZ-1-768x1086.png 768w, https:\/\/zsps.krakow.pl\/wp-content\/uploads\/2021\/03\/KUCHARZ-1-736x1041.png 736w, https:\/\/zsps.krakow.pl\/wp-content\/uploads\/2021\/03\/KUCHARZ-1.png 1654w\" sizes=\"(max-width: 212px) 100vw, 212px\" \/><\/a><\/strong><\/p>\n<h2><span style=\"color: #000000;\"><strong>Kucharz<\/strong><\/span><\/h2>\n<p><span style=\"color: #000000;\"><strong>Do najwa\u017cniejszych zada\u0144 i obowi\u0105zk\u00f3w wykonywanych w zawodzie nale\u017c\u0105:<\/strong><\/span><\/p>\n<ul>\n<li><span style=\"color: #000000;\">przygotowywanie potraw pochodz\u0105cych z r\u00f3\u017cnych stron \u015bwiata, jak r\u00f3wnie\u017c da\u0144 dostosowanych do indywidualnych okoliczno\u015bci i wymaga\u0144 klient\u00f3w.<\/span><\/li>\n<li><span style=\"color: #000000;\">wykazywanie si\u0119 wiedz\u0105 odno\u015bnie r\u00f3\u017cnych kultur kulinarnych, w\u0142a\u015bciwym stosowaniem produkt\u00f3w spo\u017cywczych, odpowiednim \u0142\u0105czeniem sk\u0142adnik\u00f3w, jak r\u00f3wnie\u017c stosownym serwowaniem potraw, deser\u00f3w, napoj\u00f3w i dodatk\u00f3w.<\/span><\/li>\n<li><span style=\"color: #000000;\">podanie potraw w jak najbardziej atrakcyjnej i wyszukanej formie.<\/span><\/li>\n<li><span style=\"color: #000000;\">dbanie o wyb\u00f3r sk\u0142adnik\u00f3w najlepszej jako\u015bci, w\u0142a\u015bciwe przechowywanie produkt\u00f3w,<\/span><\/li>\n<li><span style=\"color: #000000;\">sprawowanie nadzoru nad prac\u0105 w kuchni, aby przebiega\u0142a zgodnie z wymogami sanitarnymi i BHP.<\/span><\/li>\n<li><span style=\"color: #000000;\">uk\u0142adanie menu oraz zarz\u0105dzanie wydatkami na produkty spo\u017cywcze.<\/span><\/li>\n<\/ul>\n<p><span style=\"color: #000000;\"><strong>Mo\u017cliwo\u015b\u0107 zatrudnienia:<\/strong><\/span><\/p>\n<ul>\n<li><span style=\"color: #000000;\">restauracje, kawiarnie,<\/span><\/li>\n<li><span style=\"color: #000000;\">hotele,<\/span><\/li>\n<li><span style=\"color: #000000;\">publiczne miejsca \u017cywienia, sto\u0142\u00f3wki,<\/span><\/li>\n<li><span style=\"color: #000000;\">o\u015brodki wypoczynkowe, pok\u0142ady statk\u00f3w,<\/span><\/li>\n<li><span style=\"color: #000000;\">punkty ma\u0142ej gastronomii, bary szybkiej obs\u0142ugi,<\/span><\/li>\n<li><span style=\"color: #000000;\">dzia\u0142alno\u015b\u0107 cateringowa i obs\u0142uga prywatnych imprez,<\/span><\/li>\n<li><span style=\"color: #000000;\">dzia\u0142alno\u015b\u0107 na w\u0142asny rachunek.<\/span><\/li>\n<\/ul>\n<p><span style=\"color: #000000;\">Aby zapewni\u0107 Pa\u0144stwa o bie\u017c\u0105cej sytuacji na rynku pracy dla kucharzy, zapraszamy do \u015bledzenia prognoz zapotrzebowania na pracownik\u00f3w:<\/span><\/p>\n<p><span style=\"color: #0000ff;\"><strong><a style=\"color: #0000ff;\" href=\"https:\/\/barometrzawodow.pl.\/modul\/prognozy-na-mapach-wyniki?map_type=province&amp;map_details=counties&amp;province%5B%5D=6&amp;profession%5B%5D=97&amp;year%5B%5D=2024&amp;relation=1\">Barometr zawod\u00f3w &#8211; Kucharz<\/a><\/strong><\/span><\/p>\n<p><img decoding=\"async\" loading=\"lazy\" class=\"aligncenter wp-image-2658 size-full\" src=\"https:\/\/zsps.krakow.pl\/wp-content\/uploads\/2021\/03\/KUCHARZ-1.png\" alt=\"\" width=\"1654\" height=\"2339\" srcset=\"https:\/\/zsps.krakow.pl\/wp-content\/uploads\/2021\/03\/KUCHARZ-1.png 1654w, https:\/\/zsps.krakow.pl\/wp-content\/uploads\/2021\/03\/KUCHARZ-1-212x300.png 212w, https:\/\/zsps.krakow.pl\/wp-content\/uploads\/2021\/03\/KUCHARZ-1-768x1086.png 768w, https:\/\/zsps.krakow.pl\/wp-content\/uploads\/2021\/03\/KUCHARZ-1-736x1041.png 736w\" sizes=\"(max-width: 1654px) 100vw, 1654px\" \/><\/p>\n<p><img decoding=\"async\" loading=\"lazy\" class=\"aligncenter wp-image-4311 size-full\" src=\"https:\/\/zsps.krakow.pl\/wp-content\/uploads\/2024\/03\/mlodociany-pracownik.png\" alt=\"\" width=\"1654\" height=\"2339\" srcset=\"https:\/\/zsps.krakow.pl\/wp-content\/uploads\/2024\/03\/mlodociany-pracownik.png 1654w, https:\/\/zsps.krakow.pl\/wp-content\/uploads\/2024\/03\/mlodociany-pracownik-212x300.png 212w, https:\/\/zsps.krakow.pl\/wp-content\/uploads\/2024\/03\/mlodociany-pracownik-736x1041.png 736w, https:\/\/zsps.krakow.pl\/wp-content\/uploads\/2024\/03\/mlodociany-pracownik-768x1086.png 768w, https:\/\/zsps.krakow.pl\/wp-content\/uploads\/2024\/03\/mlodociany-pracownik-1086x1536.png 1086w, https:\/\/zsps.krakow.pl\/wp-content\/uploads\/2024\/03\/mlodociany-pracownik-1448x2048.png 1448w\" sizes=\"(max-width: 1654px) 100vw, 1654px\" \/><\/p>\n","protected":false},"excerpt":{"rendered":"<p>Kucharz Do najwa\u017cniejszych zada\u0144 i obowi\u0105zk\u00f3w wykonywanych w zawodzie nale\u017c\u0105: przygotowywanie potraw pochodz\u0105cych z r\u00f3\u017cnych stron \u015bwiata, jak r\u00f3wnie\u017c da\u0144 dostosowanych do indywidualnych okoliczno\u015bci i wymaga\u0144 klient\u00f3w. wykazywanie si\u0119 wiedz\u0105 odno\u015bnie r\u00f3\u017cnych kultur kulinarnych, w\u0142a\u015bciwym stosowaniem produkt\u00f3w spo\u017cywczych, odpowiednim \u0142\u0105czeniem sk\u0142adnik\u00f3w, jak r\u00f3wnie\u017c stosownym serwowaniem potraw, deser\u00f3w, napoj\u00f3w i dodatk\u00f3w. podanie potraw w jak najbardziej&hellip;<\/p>\n","protected":false},"author":2,"featured_media":0,"parent":0,"menu_order":0,"comment_status":"closed","ping_status":"closed","template":"","meta":{"footnotes":"","two_page_speed":[]},"jetpack_shortlink":"https:\/\/wp.me\/P9B38h-5I","_links":{"self":[{"href":"https:\/\/zsps.krakow.pl\/index.php\/wp-json\/wp\/v2\/pages\/354"}],"collection":[{"href":"https:\/\/zsps.krakow.pl\/index.php\/wp-json\/wp\/v2\/pages"}],"about":[{"href":"https:\/\/zsps.krakow.pl\/index.php\/wp-json\/wp\/v2\/types\/page"}],"author":[{"embeddable":true,"href":"https:\/\/zsps.krakow.pl\/index.php\/wp-json\/wp\/v2\/users\/2"}],"replies":[{"embeddable":true,"href":"https:\/\/zsps.krakow.pl\/index.php\/wp-json\/wp\/v2\/comments?post=354"}],"version-history":[{"count":8,"href":"https:\/\/zsps.krakow.pl\/index.php\/wp-json\/wp\/v2\/pages\/354\/revisions"}],"predecessor-version":[{"id":4314,"href":"https:\/\/zsps.krakow.pl\/index.php\/wp-json\/wp\/v2\/pages\/354\/revisions\/4314"}],"wp:attachment":[{"href":"https:\/\/zsps.krakow.pl\/index.php\/wp-json\/wp\/v2\/media?parent=354"}],"curies":[{"name":"wp","href":"https:\/\/api.w.org\/{rel}","templated":true}]}}