{"id":3822,"date":"2023-03-06T10:07:57","date_gmt":"2023-03-06T09:07:57","guid":{"rendered":"http:\/\/zsps.krakow.pl\/?page_id=3822"},"modified":"2026-04-09T15:02:33","modified_gmt":"2026-04-09T13:02:33","slug":"rekrutacja-2026-2027","status":"publish","type":"page","link":"https:\/\/zsps.krakow.pl\/index.php\/rekrutacja-2026-2027\/","title":{"rendered":"Rekrutacja 2026\/2027"},"content":{"rendered":"\n<p><\/p>\n\n\n<h1 style=\"text-align: center;\">Technikum Przemys\u0142u Spo\u017cywczego nr 22<\/h1>\n<h1 style=\"text-align: center;\">im. \u015bw. Maksymiliana Marii Kolbe<\/h1>\n<p><img decoding=\"async\" loading=\"lazy\" class=\"aligncenter wp-image-6094 size-full\" src=\"https:\/\/zsps.krakow.pl\/wp-content\/uploads\/2026\/02\/rekrutacja-technikum-2026-2027.png\" alt=\"\" width=\"1754\" height=\"2480\" srcset=\"https:\/\/zsps.krakow.pl\/wp-content\/uploads\/2026\/02\/rekrutacja-technikum-2026-2027.png 1754w, https:\/\/zsps.krakow.pl\/wp-content\/uploads\/2026\/02\/rekrutacja-technikum-2026-2027-212x300.png 212w, https:\/\/zsps.krakow.pl\/wp-content\/uploads\/2026\/02\/rekrutacja-technikum-2026-2027-736x1041.png 736w, https:\/\/zsps.krakow.pl\/wp-content\/uploads\/2026\/02\/rekrutacja-technikum-2026-2027-768x1086.png 768w, https:\/\/zsps.krakow.pl\/wp-content\/uploads\/2026\/02\/rekrutacja-technikum-2026-2027-1086x1536.png 1086w, https:\/\/zsps.krakow.pl\/wp-content\/uploads\/2026\/02\/rekrutacja-technikum-2026-2027-1448x2048.png 1448w, https:\/\/zsps.krakow.pl\/wp-content\/uploads\/2026\/02\/rekrutacja-technikum-2026-2027-424x600.png 424w, https:\/\/zsps.krakow.pl\/wp-content\/uploads\/2026\/02\/rekrutacja-technikum-2026-2027-724x1024.png 724w\" sizes=\"(max-width: 1754px) 100vw, 1754px\" \/><\/p>\n<h1 style=\"text-align: center;\">Bran\u017cowa Szko\u0142a I Stopnia nr 23<\/h1>\n<h1 style=\"text-align: center;\">im. \u015bw. Maksymiliana Marii Kolbe<\/h1>\n<p><img decoding=\"async\" loading=\"lazy\" class=\"aligncenter wp-image-6098 size-full\" src=\"https:\/\/zsps.krakow.pl\/wp-content\/uploads\/2026\/02\/rekrutacja-branzowa-2026-2027.png\" alt=\"\" width=\"1754\" height=\"2480\" srcset=\"https:\/\/zsps.krakow.pl\/wp-content\/uploads\/2026\/02\/rekrutacja-branzowa-2026-2027.png 1754w, https:\/\/zsps.krakow.pl\/wp-content\/uploads\/2026\/02\/rekrutacja-branzowa-2026-2027-212x300.png 212w, https:\/\/zsps.krakow.pl\/wp-content\/uploads\/2026\/02\/rekrutacja-branzowa-2026-2027-736x1041.png 736w, https:\/\/zsps.krakow.pl\/wp-content\/uploads\/2026\/02\/rekrutacja-branzowa-2026-2027-768x1086.png 768w, https:\/\/zsps.krakow.pl\/wp-content\/uploads\/2026\/02\/rekrutacja-branzowa-2026-2027-1086x1536.png 1086w, https:\/\/zsps.krakow.pl\/wp-content\/uploads\/2026\/02\/rekrutacja-branzowa-2026-2027-1448x2048.png 1448w, https:\/\/zsps.krakow.pl\/wp-content\/uploads\/2026\/02\/rekrutacja-branzowa-2026-2027-424x600.png 424w, https:\/\/zsps.krakow.pl\/wp-content\/uploads\/2026\/02\/rekrutacja-branzowa-2026-2027-724x1024.png 724w\" sizes=\"(max-width: 1754px) 100vw, 1754px\" \/><\/p>\n<h1 style=\"text-align: center;\"><strong>Rekrutacja uzupe\u0142niaj\u0105ca<\/strong><\/h1>\n<p><img decoding=\"async\" loading=\"lazy\" class=\"aligncenter wp-image-6097 size-full\" src=\"https:\/\/zsps.krakow.pl\/wp-content\/uploads\/2026\/02\/rekrutacja-branzowa-uzupelniajaca-2026-2027.png\" alt=\"\" width=\"1754\" height=\"2480\" srcset=\"https:\/\/zsps.krakow.pl\/wp-content\/uploads\/2026\/02\/rekrutacja-branzowa-uzupelniajaca-2026-2027.png 1754w, https:\/\/zsps.krakow.pl\/wp-content\/uploads\/2026\/02\/rekrutacja-branzowa-uzupelniajaca-2026-2027-212x300.png 212w, https:\/\/zsps.krakow.pl\/wp-content\/uploads\/2026\/02\/rekrutacja-branzowa-uzupelniajaca-2026-2027-736x1041.png 736w, https:\/\/zsps.krakow.pl\/wp-content\/uploads\/2026\/02\/rekrutacja-branzowa-uzupelniajaca-2026-2027-768x1086.png 768w, https:\/\/zsps.krakow.pl\/wp-content\/uploads\/2026\/02\/rekrutacja-branzowa-uzupelniajaca-2026-2027-1086x1536.png 1086w, https:\/\/zsps.krakow.pl\/wp-content\/uploads\/2026\/02\/rekrutacja-branzowa-uzupelniajaca-2026-2027-1448x2048.png 1448w, https:\/\/zsps.krakow.pl\/wp-content\/uploads\/2026\/02\/rekrutacja-branzowa-uzupelniajaca-2026-2027-424x600.png 424w, https:\/\/zsps.krakow.pl\/wp-content\/uploads\/2026\/02\/rekrutacja-branzowa-uzupelniajaca-2026-2027-724x1024.png 724w\" sizes=\"(max-width: 1754px) 100vw, 1754px\" \/><\/p>\n<h1 style=\"text-align: center;\">VIII Liceum dla Doros\u0142ych<\/h1>\n<h1 style=\"text-align: center;\">im. \u015bw. Maksymiliana Marii Kolbe<\/h1>\n<p><img decoding=\"async\" loading=\"lazy\" class=\"aligncenter wp-image-6093 size-full\" src=\"https:\/\/zsps.krakow.pl\/wp-content\/uploads\/2026\/02\/rekrutacja-liceum-2026-2027.png\" alt=\"\" width=\"1754\" height=\"2480\" srcset=\"https:\/\/zsps.krakow.pl\/wp-content\/uploads\/2026\/02\/rekrutacja-liceum-2026-2027.png 1754w, https:\/\/zsps.krakow.pl\/wp-content\/uploads\/2026\/02\/rekrutacja-liceum-2026-2027-212x300.png 212w, https:\/\/zsps.krakow.pl\/wp-content\/uploads\/2026\/02\/rekrutacja-liceum-2026-2027-736x1041.png 736w, https:\/\/zsps.krakow.pl\/wp-content\/uploads\/2026\/02\/rekrutacja-liceum-2026-2027-768x1086.png 768w, https:\/\/zsps.krakow.pl\/wp-content\/uploads\/2026\/02\/rekrutacja-liceum-2026-2027-1086x1536.png 1086w, https:\/\/zsps.krakow.pl\/wp-content\/uploads\/2026\/02\/rekrutacja-liceum-2026-2027-1448x2048.png 1448w, https:\/\/zsps.krakow.pl\/wp-content\/uploads\/2026\/02\/rekrutacja-liceum-2026-2027-424x600.png 424w, https:\/\/zsps.krakow.pl\/wp-content\/uploads\/2026\/02\/rekrutacja-liceum-2026-2027-724x1024.png 724w\" sizes=\"(max-width: 1754px) 100vw, 1754px\" \/><\/p>\n\n\n<figure class=\"wp-block-image size-large\"><img decoding=\"async\" loading=\"lazy\" width=\"736\" height=\"1041\" src=\"https:\/\/zsps.krakow.pl\/wp-content\/uploads\/2024\/03\/Ulotka-Liceum-dla-doroslych-736x1041.png\" alt=\"\" class=\"wp-image-4318\" srcset=\"https:\/\/zsps.krakow.pl\/wp-content\/uploads\/2024\/03\/Ulotka-Liceum-dla-doroslych-736x1041.png 736w, https:\/\/zsps.krakow.pl\/wp-content\/uploads\/2024\/03\/Ulotka-Liceum-dla-doroslych-212x300.png 212w, https:\/\/zsps.krakow.pl\/wp-content\/uploads\/2024\/03\/Ulotka-Liceum-dla-doroslych-768x1086.png 768w, https:\/\/zsps.krakow.pl\/wp-content\/uploads\/2024\/03\/Ulotka-Liceum-dla-doroslych-1086x1536.png 1086w, https:\/\/zsps.krakow.pl\/wp-content\/uploads\/2024\/03\/Ulotka-Liceum-dla-doroslych-1448x2048.png 1448w\" sizes=\"(max-width: 736px) 100vw, 736px\" \/><\/figure>\n\n\n\n<figure class=\"wp-block-image size-large is-resized\"><img decoding=\"async\" src=\"https:\/\/zsps.krakow.pl\/wp-content\/uploads\/2026\/04\/ulotka-A6-strona-1-2026-1.png\" alt=\"\" class=\"wp-image-6228\" style=\"aspect-ratio:0.7070124879923151;width:736px;height:auto\"\/><\/figure>\n","protected":false},"excerpt":{"rendered":"<p>Technikum Przemys\u0142u Spo\u017cywczego nr 22 im. \u015bw. Maksymiliana Marii Kolbe Bran\u017cowa Szko\u0142a I Stopnia nr 23 im. \u015bw. Maksymiliana Marii Kolbe Rekrutacja uzupe\u0142niaj\u0105ca VIII Liceum dla Doros\u0142ych im. \u015bw. Maksymiliana Marii Kolbe<\/p>\n","protected":false},"author":2,"featured_media":0,"parent":0,"menu_order":0,"comment_status":"closed","ping_status":"closed","template":"","meta":{"footnotes":"","two_page_speed":[]},"jetpack_shortlink":"https:\/\/wp.me\/P9B38h-ZE","_links":{"self":[{"href":"https:\/\/zsps.krakow.pl\/index.php\/wp-json\/wp\/v2\/pages\/3822"}],"collection":[{"href":"https:\/\/zsps.krakow.pl\/index.php\/wp-json\/wp\/v2\/pages"}],"about":[{"href":"https:\/\/zsps.krakow.pl\/index.php\/wp-json\/wp\/v2\/types\/page"}],"author":[{"embeddable":true,"href":"https:\/\/zsps.krakow.pl\/index.php\/wp-json\/wp\/v2\/users\/2"}],"replies":[{"embeddable":true,"href":"https:\/\/zsps.krakow.pl\/index.php\/wp-json\/wp\/v2\/comments?post=3822"}],"version-history":[{"count":16,"href":"https:\/\/zsps.krakow.pl\/index.php\/wp-json\/wp\/v2\/pages\/3822\/revisions"}],"predecessor-version":[{"id":6241,"href":"https:\/\/zsps.krakow.pl\/index.php\/wp-json\/wp\/v2\/pages\/3822\/revisions\/6241"}],"wp:attachment":[{"href":"https:\/\/zsps.krakow.pl\/index.php\/wp-json\/wp\/v2\/media?parent=3822"}],"curies":[{"name":"wp","href":"https:\/\/api.w.org\/{rel}","templated":true}]}}