{"id":645,"date":"2017-10-17T15:46:29","date_gmt":"2017-10-17T13:46:29","guid":{"rendered":"http:\/\/test.zsps.krakow.pl\/?page_id=645"},"modified":"2017-10-17T18:20:00","modified_gmt":"2017-10-17T16:20:00","slug":"carving","status":"publish","type":"page","link":"https:\/\/zsps.krakow.pl\/index.php\/carving\/","title":{"rendered":"Carving"},"content":{"rendered":"<p><span style=\"font-size: large;\"><b>&#8222;Carving &#8211; sztuka rze\u017abienia w warzywach i owocach&#8221;<\/b><\/span><\/p>\n<p>Warsztaty carvingowe skierowane s\u0105 do uczni\u00f3w Zespo\u0142u Szk\u00f3\u0142 Przemys\u0142u Spo\u017cywczego w Krakowie.<\/p>\n<p>Celem warsztat\u00f3w jest nabycie umiej\u0119tno\u015bci wykonywania dekoracji z zastosowaniem tajskiej sztuki rze\u017abienia w warzywach i owocach. Uczniowie ucz\u0119szczaj\u0105cy na zaj\u0119cia poszerzaj\u0105 swoje umiej\u0119tno\u015bci zawodowe, rozwijaj\u0105 talenty i zainteresowania. Na warsztatach uczniowie rozwijaj\u0105 swoje kompetencje tj. kreatywno\u015b\u0107, poczucie estetyki, precyzyjno\u015b\u0107, cierpliwo\u015b\u0107.<\/p>\n<p>Termin i miejsce: ka\u017cdy wtorek,godz. 16.00 w\u00a0 pracowni obs\u0142ugi go\u015bci<b><\/b><i><\/i><u><\/u><\/p>\n<p>Wymagania: Bluza kucharska i surowce\u00a0wg. wcze\u015bniejszego ustalenia z organizatorem warsztat\u00f3w<\/p>\n<p>Zg\u0142oszenie: osobi\u015bcie u organizatora warsztat\u00f3w w gabinecie 214<\/p>\n<p>Zaj\u0119cia prowadzi \/ organizator warsztat\u00f3w &#8211; p. Izabela Szyma\u0144ska<\/p>\n","protected":false},"excerpt":{"rendered":"<p>&#8222;Carving &#8211; sztuka rze\u017abienia w warzywach i owocach&#8221; Warsztaty carvingowe skierowane s\u0105 do uczni\u00f3w Zespo\u0142u Szk\u00f3\u0142 Przemys\u0142u Spo\u017cywczego w Krakowie. Celem warsztat\u00f3w jest nabycie umiej\u0119tno\u015bci wykonywania dekoracji z zastosowaniem tajskiej sztuki rze\u017abienia w warzywach i owocach. Uczniowie ucz\u0119szczaj\u0105cy na zaj\u0119cia poszerzaj\u0105 swoje umiej\u0119tno\u015bci zawodowe, rozwijaj\u0105 talenty i zainteresowania. Na warsztatach uczniowie rozwijaj\u0105 swoje kompetencje tj.&hellip;<\/p>\n","protected":false},"author":2,"featured_media":0,"parent":0,"menu_order":0,"comment_status":"closed","ping_status":"closed","template":"","meta":{"footnotes":"","two_page_speed":[]},"jetpack_shortlink":"https:\/\/wp.me\/P9B38h-ap","_links":{"self":[{"href":"https:\/\/zsps.krakow.pl\/index.php\/wp-json\/wp\/v2\/pages\/645"}],"collection":[{"href":"https:\/\/zsps.krakow.pl\/index.php\/wp-json\/wp\/v2\/pages"}],"about":[{"href":"https:\/\/zsps.krakow.pl\/index.php\/wp-json\/wp\/v2\/types\/page"}],"author":[{"embeddable":true,"href":"https:\/\/zsps.krakow.pl\/index.php\/wp-json\/wp\/v2\/users\/2"}],"replies":[{"embeddable":true,"href":"https:\/\/zsps.krakow.pl\/index.php\/wp-json\/wp\/v2\/comments?post=645"}],"version-history":[{"count":2,"href":"https:\/\/zsps.krakow.pl\/index.php\/wp-json\/wp\/v2\/pages\/645\/revisions"}],"predecessor-version":[{"id":651,"href":"https:\/\/zsps.krakow.pl\/index.php\/wp-json\/wp\/v2\/pages\/645\/revisions\/651"}],"wp:attachment":[{"href":"https:\/\/zsps.krakow.pl\/index.php\/wp-json\/wp\/v2\/media?parent=645"}],"curies":[{"name":"wp","href":"https:\/\/api.w.org\/{rel}","templated":true}]}}