{"id":702,"date":"2017-10-21T18:19:57","date_gmt":"2017-10-21T16:19:57","guid":{"rendered":"http:\/\/test.zsps.krakow.pl\/?page_id=702"},"modified":"2017-10-21T18:19:57","modified_gmt":"2017-10-21T16:19:57","slug":"recall","status":"publish","type":"page","link":"https:\/\/zsps.krakow.pl\/index.php\/recall\/","title":{"rendered":"ReCall"},"content":{"rendered":"<div id=\"art-main\">\n<div class=\"art-box art-sheet\">\n<div class=\"art-box-body art-sheet-body\">\n<div class=\"art-layout-wrapper\">\n<div class=\"art-content-layout\">\n<div class=\"art-content-layout-row\">\n<div class=\"art-layout-cell art-content\">\n<div id=\"post-8327\" class=\"art-box art-post post-8327 page type-page status-publish hentry\">\n<div class=\"art-box-body art-post-body\">\n<div class=\"art-post-inner art-article\">\n<div class=\"art-postcontent\">\n<div id=\"art-main\">\n<div class=\"art-box art-sheet\">\n<div class=\"art-box-body art-sheet-body\">\n<div class=\"art-layout-wrapper\">\n<div class=\"art-content-layout\">\n<div class=\"art-content-layout-row\">\n<div class=\"art-layout-cell art-content\">\n<div id=\"post-8327\" class=\"art-box art-post post-8327 page type-page status-publish hentry\">\n<div class=\"art-box-body art-post-body\">\n<div class=\"art-post-inner art-article\">\n<div class=\"art-postcontent\">\n<p><a href=\"http:\/\/www.recall.uni-koeln.de\/en\/home\/\"><img decoding=\"async\" loading=\"lazy\" class=\"aligncenter wp-image-8328\" src=\"http:\/\/geografia.up.krakow.pl\/wp-content\/uploads\/2016\/05\/csm_Logo_ReCall_a691320371-300x94.png\" alt=\"csm_Logo_ReCall_a691320371\" width=\"421\" height=\"132\" \/><\/a><\/p>\n<p><strong>Witamy na stronie projektu badawczego \u201eRozwijanie kompetencji sektora detalicznego dla nauczycieli\u201d \u2013 \u201eRetail Sector Competencies for all Teachers\u201d (ReCall).<\/strong><\/p>\n<p>Projekt rozpocz\u0105\u0142 si\u0119 w listopadzie 2015 roku a czas jego trwania wynosi 24 miesi\u0105ce.<\/p>\n<p><strong>Partnerzy projektu:\u00a0<\/strong><\/p>\n<p>Uniwersytet w Kolonii (Niemcy) \u2013 lider projektu,<br \/>\nUniwersytet w Bergamo (W\u0142ochy),<br \/>\nUniwersytet Pedagogiczny im. Komisji Edukacji Narodowej w Krakowie,<br \/>\nZesp\u00f3\u0142 Szk\u00f3\u0142 Przemy\u0142u Spo\u017cywczego w Krakowie.<\/p>\n<p>Projekt obejmuje opracowanie narz\u0119dzia szkoleniowego on-line\u00a0dla nauczycieli szk\u00f3\u0142 zawodowych okre\u015blanego jako Teacher Training Tool (TTT). Narz\u0119dzie TTT zawiera informacje i praktyczne \u0107wiczenia w zakresie czterech materia\u0142\u00f3w dydaktycznych do wykorzystania w klasie, obejmuj\u0105cych nast\u0119puj\u0105ce kompetencje: \u201eprzyjmowanie krytyki\u201d, \u201epraca w zespole\u201d, \u201ezarz\u0105dzanie czasem\u201d oraz \u201esamoocena mocnych i s\u0142abych stron\u201d.<\/p>\n<p>TTT obejmuje dost\u0119p do multimedialnych \u0107wicze\u0144 i praktycznych informacji nauczycielom szk\u00f3\u0142 zawodowych. Mo\u017cna z niego korzysta\u0107 w dowolnym czasie i z dowolnego miejsca. Je\u015bli chcesz uzyska\u0107 wi\u0119cej informacji na temat aktualnych wynik\u00f3w projektu, zg\u0142o\u015b ch\u0119\u0107 otrzymywania Newslettera.<\/p>\n<p>Link do Newslettera:<br \/>\n<a href=\"https:\/\/lists.uni-koeln.de\/mailman\/listinfo\/recall-newsletter\">https:\/\/lists.uni-koeln.de\/mailman\/listinfo\/recall-newsletter<\/a><\/p>\n<p>(Newsletter b\u0119dzie si\u0119 ukazywa\u0142 co 6 tygodni)<\/p>\n<p><strong>Finansowanie:<\/strong><\/p>\n<p><img decoding=\"async\" loading=\"lazy\" class=\" size-full wp-image-8330 alignnone\" src=\"http:\/\/geografia.up.krakow.pl\/wp-content\/uploads\/2016\/05\/csm_eu_flag_co_funded_pos__rgb__right_1__acf821a44b.png\" alt=\"csm_eu_flag_co_funded_pos__rgb__right_1__acf821a44b\" width=\"250\" height=\"72\" \/><\/p>\n<p>Projekt finansowany przez Komisj\u0119 Europejsk\u0105 Program Erasmus PLUS. Materia\u0142y szkoleniowe powsta\u0142y w wyniku projektu realizowanego przy wsparciu finansowym Komisji Europejskiej w ramach programu Erasmus+. Materia\u0142y szkoleniowe odzwierciedlaj\u0105 jedynie stanowisko ich autor\u00f3w, a Komisja Europejska nie ponosi odpowiedzialno\u015bci za umieszczon\u0105 w nich zawarto\u015b\u0107 merytoryczn\u0105 ani za spos\u00f3b wykorzystania zawartych w niej informacji.<\/p>\n<p><strong>Podstawowe informacje o projekcie:<\/strong><\/p>\n<p>Nauczanie kompetencji osobistych i spo\u0142ecznych w kszta\u0142ceniu i szkoleniu zawodowym ma wielkie znaczenie dla osi\u0105gni\u0119cia zdolno\u015bci do zatrudnienia we wszystkich krajach europejskich. Dotyczy to w szczeg\u00f3lno\u015bci sektora detalicznego zorientowanego na potrzeby klienta. Jednak te kompetencje s\u0105 nauczane w stopniu niewystarczaj\u0105cym w kszta\u0142ceniu zawodowym. Dlatego cztery kategorie tematyczne materia\u0142\u00f3w dydaktycznych zosta\u0142y wprowadzone wcze\u015bniej dla szk\u00f3\u0142 zawodowych aby rozwija\u0107 kompetencje osobiste i spo\u0142eczne w\u015br\u00f3d m\u0142odzie\u017cy kszta\u0142c\u0105cej si\u0119 w sektorze detalicznym. Materia\u0142y te zosta\u0142y ocenione bardzo pozytywnie przez nauczycieli. Jednak wykazano, \u017ce praktyczna realizacja tych materia\u0142\u00f3w uzale\u017cniona jest w du\u017cej mierze od przygotowania nauczycieli do ich wykorzystania. Z\u0142o\u017cono\u015b\u0107 i nowatorstwo rozwi\u0105za\u0144 opracowanych materia\u0142\u00f3w dydaktycznych mog\u0105 z czasem zniech\u0119ci\u0107 nauczycieli do wdra\u017cania ich jako integraln\u0105 cz\u0119\u015b\u0107 swoich lekcji.<br \/>\nW zwi\u0105zku z powy\u017cszym, projekt \u201eKompetencje sektora detalicznego dla wszystkich nauczycieli\u201d ma na celu doskonalenie zawodowego nauczycieli w szko\u0142ach zawodowych. Nauczyciele b\u0119d\u0105 przeszkoleni w zakresie nauczania kompetencji osobistych i spo\u0142ecznych. Dzi\u0119ki temu, nauczyciele przestan\u0105 by\u0107 sceptyczni w zakresie istniej\u0105cych materia\u0142\u00f3w oraz przestan\u0105 mie\u0107 zastrze\u017cenia dotycz\u0105ce stosowania opracowanych materia\u0142\u00f3w dydaktycznych w klasie.<br \/>\nSzkolenie nauczycieli b\u0119d\u0105 przeprowadzane za pomoc\u0105 internetowego narz\u0119dzia szkoleniowego dla nauczycieli (TTT), opracowanego w ramach tego projektu. TTT b\u0119dzie zawiera\u0107 informacje i \u0107wiczenia praktyczne do istotnych aspekt\u00f3w dotycz\u0105cych czterech kategorii tematycznych materia\u0142\u00f3w: \u201ekrytyka\u201d, \u201ekompetencje zespo\u0142owe,\u201d zarz\u0105dzanie czasem \u201d oraz \u201esamoocena umiej\u0119tno\u015bci\u201d w klasie. Dzi\u0119ki korzystaniu z opisowych i ukierunkowanych materia\u0142\u00f3w szkoleniowych dla praktycznego stosowania systemu nauczania-uczenia si\u0119, nauczyciele zdob\u0119d\u0105 wiedz\u0119 w zakresie samokszta\u0142cenia z wykorzystaniem tego narz\u0119dzia.<\/p>\n<p>Link do strony projektu w j\u0119zyku angielskim:<br \/>\n<a href=\"http:\/\/www.recall.uni-koeln.de\/en\/home\/\">http:\/\/www.recall.uni-koeln.de\/en\/home\/<\/a><\/p>\n<p>Link do strony projektu z narz\u0119dziem szkoleniowym w j\u0119zyku polskim:<br \/>\n<a href=\"http:\/\/www.recall-ttt.uni-koeln.de\/pl\/\">http:\/\/www.recall-ttt.uni-koeln.de\/pl\/ <\/a><\/p>\n<\/div>\n<\/div>\n<\/div>\n<\/div>\n<\/div>\n<\/div>\n<\/div>\n<\/div>\n<\/div>\n<\/div>\n<\/div>\n<\/div>\n<\/div>\n<\/div>\n<\/div>\n<\/div>\n<\/div>\n<\/div>\n<\/div>\n<\/div>\n<\/div>\n<\/div>\n","protected":false},"excerpt":{"rendered":"<p>Witamy na stronie projektu badawczego \u201eRozwijanie kompetencji sektora detalicznego dla nauczycieli\u201d \u2013 \u201eRetail Sector Competencies for all Teachers\u201d (ReCall). Projekt rozpocz\u0105\u0142 si\u0119 w listopadzie 2015 roku a czas jego trwania wynosi 24 miesi\u0105ce. Partnerzy projektu:\u00a0 Uniwersytet w Kolonii (Niemcy) \u2013 lider projektu, Uniwersytet w Bergamo (W\u0142ochy), Uniwersytet Pedagogiczny im. Komisji Edukacji Narodowej w Krakowie, Zesp\u00f3\u0142&hellip;<\/p>\n","protected":false},"author":2,"featured_media":0,"parent":0,"menu_order":0,"comment_status":"closed","ping_status":"closed","template":"","meta":{"footnotes":"","two_page_speed":[]},"jetpack_shortlink":"https:\/\/wp.me\/P9B38h-bk","_links":{"self":[{"href":"https:\/\/zsps.krakow.pl\/index.php\/wp-json\/wp\/v2\/pages\/702"}],"collection":[{"href":"https:\/\/zsps.krakow.pl\/index.php\/wp-json\/wp\/v2\/pages"}],"about":[{"href":"https:\/\/zsps.krakow.pl\/index.php\/wp-json\/wp\/v2\/types\/page"}],"author":[{"embeddable":true,"href":"https:\/\/zsps.krakow.pl\/index.php\/wp-json\/wp\/v2\/users\/2"}],"replies":[{"embeddable":true,"href":"https:\/\/zsps.krakow.pl\/index.php\/wp-json\/wp\/v2\/comments?post=702"}],"version-history":[{"count":1,"href":"https:\/\/zsps.krakow.pl\/index.php\/wp-json\/wp\/v2\/pages\/702\/revisions"}],"predecessor-version":[{"id":703,"href":"https:\/\/zsps.krakow.pl\/index.php\/wp-json\/wp\/v2\/pages\/702\/revisions\/703"}],"wp:attachment":[{"href":"https:\/\/zsps.krakow.pl\/index.php\/wp-json\/wp\/v2\/media?parent=702"}],"curies":[{"name":"wp","href":"https:\/\/api.w.org\/{rel}","templated":true}]}}