{"id":82,"date":"2017-06-19T14:53:15","date_gmt":"2017-06-19T12:53:15","guid":{"rendered":"http:\/\/test.zsps.krakow.pl\/?page_id=82"},"modified":"2024-09-06T09:42:53","modified_gmt":"2024-09-06T07:42:53","slug":"kontakt","status":"publish","type":"page","link":"https:\/\/zsps.krakow.pl\/index.php\/kontakt\/","title":{"rendered":"<font color=#000000><b>Kontakt<\/b><\/font>"},"content":{"rendered":"<h2 style=\"text-align: center;\"><strong>Zesp\u00f3\u0142 Szk\u00f3\u0142 Przemys\u0142u Spo\u017cywczego\u00a0<\/strong><\/h2>\n<p style=\"text-align: center;\">ul. Macieja Miechowity 6<\/p>\n<p style=\"text-align: center;\">31-469 Krak\u00f3w<\/p>\n<p style=\"text-align: center;\">Telefon:\u00a0<a href=\"callto:+48124223866\">+48 12 422-38-66<\/a><\/p>\n<p style=\"text-align: center;\">Faks:\u00a012 431-18-12<\/p>\n<p style=\"text-align: center;\">Email:\u00a0<a href=\"mailto:sekretariat.szkoly@zsps.krakow.pl\">sekretariat.szkoly@zsps.krakow.pl<\/a><\/p>\n<h3 style=\"text-align: center;\"><strong>Sekretariat g\u0142\u00f3wny<\/strong><\/h3>\n<p style=\"text-align: center;\">czynny:<\/p>\n<p style=\"text-align: center;\">Poniedzia\u0142ek &#8211; Pi\u0105tek<\/p>\n<p style=\"text-align: center;\">w godzinach 7:30 -15:30<\/p>\n<h3 style=\"text-align: center;\"><strong>Sekretariat uczniowski<\/strong><\/h3>\n<p style=\"text-align: center;\">czynny:<\/p>\n<p style=\"text-align: center;\">Poniedzia\u0142ek &#8211; Pi\u0105tek<\/p>\n<p style=\"text-align: center;\">w godzinach 9:00 &#8211; 14:00<\/p>\n<p style=\"text-align: center;\">Email:\u00a0\u00a0<a href=\"mailto:sekretariat.uczniowski@zsps.krakow.pl\" target=\"_blank\" rel=\"noopener\">sekretariat.uczniowski@zsps.<wbr \/>krakow.pl<\/a><\/p>\n<h3 style=\"text-align: center;\">Jak do nas trafi\u0107?<\/h3>\n<p><a href=\"https:\/\/zsps.krakow.pl\/wp-content\/uploads\/2018\/03\/Obraz2.png\" rel=\"lightbox[82]\"><img decoding=\"async\" loading=\"lazy\" class=\"aligncenter wp-image-1207 size-large\" src=\"https:\/\/zsps.krakow.pl\/wp-content\/uploads\/2018\/03\/Obraz2-1041x586.png\" alt=\"\" width=\"640\" height=\"360\" srcset=\"https:\/\/zsps.krakow.pl\/wp-content\/uploads\/2018\/03\/Obraz2-1041x586.png 1041w, https:\/\/zsps.krakow.pl\/wp-content\/uploads\/2018\/03\/Obraz2-300x169.png 300w, https:\/\/zsps.krakow.pl\/wp-content\/uploads\/2018\/03\/Obraz2-768x432.png 768w, https:\/\/zsps.krakow.pl\/wp-content\/uploads\/2018\/03\/Obraz2.png 2000w\" sizes=\"(max-width: 640px) 100vw, 640px\" \/><\/a><\/p>\n","protected":false},"excerpt":{"rendered":"<p>Zesp\u00f3\u0142 Szk\u00f3\u0142 Przemys\u0142u Spo\u017cywczego\u00a0 ul. Macieja Miechowity 6 31-469 Krak\u00f3w Telefon:\u00a0+48 12 422-38-66 Faks:\u00a012 431-18-12 Email:\u00a0sekretariat.szkoly@zsps.krakow.pl Sekretariat g\u0142\u00f3wny czynny: Poniedzia\u0142ek &#8211; Pi\u0105tek w godzinach 7:30 -15:30 Sekretariat uczniowski czynny: Poniedzia\u0142ek &#8211; Pi\u0105tek w godzinach 9:00 &#8211; 14:00 Email:\u00a0\u00a0sekretariat.uczniowski@zsps.krakow.pl Jak do nas trafi\u0107?<\/p>\n","protected":false},"author":2,"featured_media":0,"parent":0,"menu_order":0,"comment_status":"closed","ping_status":"closed","template":"","meta":{"footnotes":"","two_page_speed":[]},"jetpack_shortlink":"https:\/\/wp.me\/P9B38h-1k","_links":{"self":[{"href":"https:\/\/zsps.krakow.pl\/index.php\/wp-json\/wp\/v2\/pages\/82"}],"collection":[{"href":"https:\/\/zsps.krakow.pl\/index.php\/wp-json\/wp\/v2\/pages"}],"about":[{"href":"https:\/\/zsps.krakow.pl\/index.php\/wp-json\/wp\/v2\/types\/page"}],"author":[{"embeddable":true,"href":"https:\/\/zsps.krakow.pl\/index.php\/wp-json\/wp\/v2\/users\/2"}],"replies":[{"embeddable":true,"href":"https:\/\/zsps.krakow.pl\/index.php\/wp-json\/wp\/v2\/comments?post=82"}],"version-history":[{"count":9,"href":"https:\/\/zsps.krakow.pl\/index.php\/wp-json\/wp\/v2\/pages\/82\/revisions"}],"predecessor-version":[{"id":4575,"href":"https:\/\/zsps.krakow.pl\/index.php\/wp-json\/wp\/v2\/pages\/82\/revisions\/4575"}],"wp:attachment":[{"href":"https:\/\/zsps.krakow.pl\/index.php\/wp-json\/wp\/v2\/media?parent=82"}],"curies":[{"name":"wp","href":"https:\/\/api.w.org\/{rel}","templated":true}]}}