{"id":850,"date":"2017-12-12T19:16:17","date_gmt":"2017-12-12T18:16:17","guid":{"rendered":"http:\/\/test.zsps.krakow.pl\/?page_id=850"},"modified":"2018-11-26T17:17:26","modified_gmt":"2018-11-26T16:17:26","slug":"zamowienia","status":"publish","type":"page","link":"https:\/\/zsps.krakow.pl\/index.php\/zamowienia\/","title":{"rendered":"Zam\u00f3wienia"},"content":{"rendered":"<h5>Data Publikacji: 16.11.2018 r.<\/h5>\n<p>&nbsp;<\/p>\n<h1 style=\"text-align: center;\">Zesp\u00f3\u0142 Szk\u00f3\u0142 Przemys\u0142u Spo\u017cywczego w Krakowie<br \/>\nzaprasza do sk\u0142adania propozycji cenowych na dostaw\u0119 uzupe\u0142nienia<br \/>\nwyposa\u017cenia pracowni zawodowych wraz z za\u0142\u0105cznikami. Termin przesy\u0142ania<br \/>\nofert up\u0142ywa <strong>21.11.2018 r. (\u015broda)<\/strong>.<\/h1>\n<p>&nbsp;<\/p>\n<h1 style=\"text-align: center;\"><a href=\"https:\/\/zsps.krakow.pl\/wp-content\/uploads\/2018\/11\/Zaproszenie-do-sk\u0142adania-ofert.pdf\" target=\"_blank\" rel=\"noopener\">Zaproszenie do sk\u0142adania ofert<\/a><\/h1>\n<h1 style=\"text-align: center;\"><a href=\"https:\/\/zsps.krakow.pl\/wp-content\/uploads\/2018\/11\/Formularz-oferty.pdf\" target=\"_blank\" rel=\"noopener\">Formularz oferty<\/a><\/h1>\n<h1 style=\"text-align: center;\"><a href=\"https:\/\/zsps.krakow.pl\/wp-content\/uploads\/2018\/11\/O\u015bwiadczenie.pdf\" target=\"_blank\" rel=\"noopener\">O\u015bwiadczenie<\/a><\/h1>\n<h1 style=\"text-align: center;\"><a href=\"https:\/\/zsps.krakow.pl\/wp-content\/uploads\/2018\/11\/Wz\u00f3r-umowy.pdf\" target=\"_blank\" rel=\"noopener\">Wz\u00f3r umowy<\/a><\/h1>\n<p>&nbsp;<\/p>\n<h2 style=\"text-align: center;\"><span style=\"color: #ff0000;\">W wyniku przeprowadzonego post\u0119powania nie wybrano \u017cadnej propozycji cenowej, poniewa\u017c \u017cadna nie by\u0142a mo\u017cliwa do realizacji w ramach posiadanych \u015brodk\u00f3w.<\/span><\/h2>\n","protected":false},"excerpt":{"rendered":"<p>Data Publikacji: 16.11.2018 r. &nbsp; Zesp\u00f3\u0142 Szk\u00f3\u0142 Przemys\u0142u Spo\u017cywczego w Krakowie zaprasza do sk\u0142adania propozycji cenowych na dostaw\u0119 uzupe\u0142nienia wyposa\u017cenia pracowni zawodowych wraz z za\u0142\u0105cznikami. Termin przesy\u0142ania ofert up\u0142ywa 21.11.2018 r. (\u015broda). &nbsp; Zaproszenie do sk\u0142adania ofert Formularz oferty O\u015bwiadczenie Wz\u00f3r umowy &nbsp; W wyniku przeprowadzonego post\u0119powania nie wybrano \u017cadnej propozycji cenowej, poniewa\u017c \u017cadna nie&hellip;<\/p>\n","protected":false},"author":2,"featured_media":0,"parent":0,"menu_order":0,"comment_status":"closed","ping_status":"closed","template":"","meta":{"footnotes":"","two_page_speed":[]},"jetpack_shortlink":"https:\/\/wp.me\/P9B38h-dI","_links":{"self":[{"href":"https:\/\/zsps.krakow.pl\/index.php\/wp-json\/wp\/v2\/pages\/850"}],"collection":[{"href":"https:\/\/zsps.krakow.pl\/index.php\/wp-json\/wp\/v2\/pages"}],"about":[{"href":"https:\/\/zsps.krakow.pl\/index.php\/wp-json\/wp\/v2\/types\/page"}],"author":[{"embeddable":true,"href":"https:\/\/zsps.krakow.pl\/index.php\/wp-json\/wp\/v2\/users\/2"}],"replies":[{"embeddable":true,"href":"https:\/\/zsps.krakow.pl\/index.php\/wp-json\/wp\/v2\/comments?post=850"}],"version-history":[{"count":16,"href":"https:\/\/zsps.krakow.pl\/index.php\/wp-json\/wp\/v2\/pages\/850\/revisions"}],"predecessor-version":[{"id":1536,"href":"https:\/\/zsps.krakow.pl\/index.php\/wp-json\/wp\/v2\/pages\/850\/revisions\/1536"}],"wp:attachment":[{"href":"https:\/\/zsps.krakow.pl\/index.php\/wp-json\/wp\/v2\/media?parent=850"}],"curies":[{"name":"wp","href":"https:\/\/api.w.org\/{rel}","templated":true}]}}