{"id":86,"date":"2017-06-19T14:55:44","date_gmt":"2017-06-19T12:55:44","guid":{"rendered":"http:\/\/test.zsps.krakow.pl\/?page_id=86"},"modified":"2023-07-18T07:58:58","modified_gmt":"2023-07-18T05:58:58","slug":"podreczniki","status":"publish","type":"page","link":"https:\/\/zsps.krakow.pl\/index.php\/podreczniki\/","title":{"rendered":"Podr\u0119czniki"},"content":{"rendered":"<p><img decoding=\"async\" loading=\"lazy\" class=\"aligncenter wp-image-1864 size-full\" src=\"https:\/\/zsps.krakow.pl\/wp-content\/uploads\/2019\/06\/school-2051712_960_720.jpg\" alt=\"\" width=\"960\" height=\"632\" srcset=\"https:\/\/zsps.krakow.pl\/wp-content\/uploads\/2019\/06\/school-2051712_960_720.jpg 960w, https:\/\/zsps.krakow.pl\/wp-content\/uploads\/2019\/06\/school-2051712_960_720-300x198.jpg 300w, https:\/\/zsps.krakow.pl\/wp-content\/uploads\/2019\/06\/school-2051712_960_720-768x506.jpg 768w\" sizes=\"(max-width: 960px) 100vw, 960px\" \/><\/p>\n<h1 style=\"text-align: center;\"><strong>Podr\u0119czniki na rok szkolny 2023\/2024<\/strong><\/h1>\n<h2 style=\"text-align: center;\"><strong>TECHNIKUM<\/strong><\/h2>\n<h2 style=\"text-align: center;\"><a href=\"https:\/\/zsps.krakow.pl\/wp-content\/uploads\/2023\/07\/ttz_podreczniki_2023_2024.pdf\">TECHNIK TECHNOLOGII \u017bYWNO\u015aCI<\/a><\/h2>\n<h2 style=\"text-align: center;\"><a href=\"https:\/\/zsps.krakow.pl\/wp-content\/uploads\/2023\/07\/tuk_podreczniki_2023_2024.pdf\">TECHNIK US\u0141UG KELNERSKICH<\/a><\/h2>\n<h2 style=\"text-align: center;\"><a href=\"https:\/\/zsps.krakow.pl\/wp-content\/uploads\/2023\/07\/tziug_podreczniki_2023_2024.pdf\">TECHNIK \u017bYWIENIA I US\u0141UG GASTRONOMICZNYCH<\/a><\/h2>\n<h2 style=\"text-align: center;\"><strong>BRAN\u017bOWA SZKO\u0141A I STOPNIA<\/strong><\/h2>\n<h2 style=\"text-align: center;\"><a href=\"https:\/\/zsps.krakow.pl\/wp-content\/uploads\/2023\/07\/cukiernik_podreczniki_2023_2024.pdf\">CUKIERNIK<\/a><\/h2>\n<h2 style=\"text-align: center;\"><a href=\"https:\/\/zsps.krakow.pl\/wp-content\/uploads\/2023\/07\/kelner_podreczniki_2023_2024.pdf\">KELNER<\/a><\/h2>\n<h2 style=\"text-align: center;\"><a href=\"https:\/\/zsps.krakow.pl\/wp-content\/uploads\/2023\/07\/kuch_podreczniki_2023_2024.pdf\">KUCHARZ<\/a><\/h2>\n<h2 style=\"text-align: center;\"><a href=\"https:\/\/zsps.krakow.pl\/wp-content\/uploads\/2023\/07\/piekarz_podreczniki_2023_2024.pdf\">PIEKARZ<\/a><\/h2>\n<h2 style=\"text-align: center;\"><a href=\"https:\/\/zsps.krakow.pl\/wp-content\/uploads\/2023\/07\/przet_miesa_podreczniki_2023_2024.pdf\">PRZETW\u00d3RCA MI\u0118SA<\/a><\/h2>\n<h2 style=\"text-align: center;\"><strong>LICEUM DLA DOROS\u0141YCH<\/strong><\/h2>\n<h2 style=\"text-align: center;\"><a href=\"https:\/\/zsps.krakow.pl\/wp-content\/uploads\/2023\/07\/lo-podreczniki-2023_2024.pdf\">OG\u00d3LNOKSZTA\u0141C\u0104CE<\/a><\/h2>\n<h2 style=\"text-align: center;\"><strong>KWALIFIKACYJNE KURSY ZAWODOWE<\/strong><\/h2>\n<h2 style=\"text-align: center;\"><a href=\"https:\/\/zsps.krakow.pl\/wp-content\/uploads\/2023\/07\/BR2_kkz-podreczniki_2023_2024.pdf\">PODR\u0118CZNIKI<\/a><\/h2>\n<h2 style=\"text-align: center;\"><strong>BRAN\u017bOWA SZKO\u0141A II STOPNIA<\/strong><\/h2>\n<h2 style=\"text-align: center;\"><a href=\"https:\/\/zsps.krakow.pl\/wp-content\/uploads\/2023\/07\/BR2_kkz-podreczniki_2023_2024.pdf\">PODR\u0118CZNIKI<\/a><\/h2>\n","protected":false},"excerpt":{"rendered":"<p>Podr\u0119czniki na rok szkolny 2023\/2024 TECHNIKUM TECHNIK TECHNOLOGII \u017bYWNO\u015aCI TECHNIK US\u0141UG KELNERSKICH TECHNIK \u017bYWIENIA I US\u0141UG GASTRONOMICZNYCH BRAN\u017bOWA SZKO\u0141A I STOPNIA CUKIERNIK KELNER KUCHARZ PIEKARZ PRZETW\u00d3RCA MI\u0118SA LICEUM DLA DOROS\u0141YCH OG\u00d3LNOKSZTA\u0141C\u0104CE KWALIFIKACYJNE KURSY ZAWODOWE PODR\u0118CZNIKI BRAN\u017bOWA SZKO\u0141A II STOPNIA PODR\u0118CZNIKI<\/p>\n","protected":false},"author":2,"featured_media":0,"parent":0,"menu_order":0,"comment_status":"closed","ping_status":"closed","template":"","meta":{"footnotes":"","two_page_speed":[]},"jetpack_shortlink":"https:\/\/wp.me\/P9B38h-1o","_links":{"self":[{"href":"https:\/\/zsps.krakow.pl\/index.php\/wp-json\/wp\/v2\/pages\/86"}],"collection":[{"href":"https:\/\/zsps.krakow.pl\/index.php\/wp-json\/wp\/v2\/pages"}],"about":[{"href":"https:\/\/zsps.krakow.pl\/index.php\/wp-json\/wp\/v2\/types\/page"}],"author":[{"embeddable":true,"href":"https:\/\/zsps.krakow.pl\/index.php\/wp-json\/wp\/v2\/users\/2"}],"replies":[{"embeddable":true,"href":"https:\/\/zsps.krakow.pl\/index.php\/wp-json\/wp\/v2\/comments?post=86"}],"version-history":[{"count":12,"href":"https:\/\/zsps.krakow.pl\/index.php\/wp-json\/wp\/v2\/pages\/86\/revisions"}],"predecessor-version":[{"id":4505,"href":"https:\/\/zsps.krakow.pl\/index.php\/wp-json\/wp\/v2\/pages\/86\/revisions\/4505"}],"wp:attachment":[{"href":"https:\/\/zsps.krakow.pl\/index.php\/wp-json\/wp\/v2\/media?parent=86"}],"curies":[{"name":"wp","href":"https:\/\/api.w.org\/{rel}","templated":true}]}}